{"id":5170,"date":"2025-01-20T15:23:48","date_gmt":"2025-01-20T14:23:48","guid":{"rendered":"https:\/\/e-xact.de\/?post_type=product&#038;p=5170"},"modified":"2025-03-19T11:53:29","modified_gmt":"2025-03-19T10:53:29","slug":"exact-chane-wooden-stick-kopie","status":"publish","type":"product","link":"https:\/\/e-xact.de\/fr\/produit\/exact-chane-wooden-stick-kopie\/","title":{"rendered":"Puzzle motif bois exact"},"content":{"rendered":"<p>Avec les nouveaux puzzles \u00e0 motif individuel de e!xact en bois, chaque pi\u00e8ce de puzzle a sa propre forme. Cela permet de cr\u00e9er des pi\u00e8ces de puzzle individuelles en forme de chiens diff\u00e9rents \u00e0 partir d'un grand motif tel qu'un chien : les clients peuvent ainsi transformer leur mascotte en pi\u00e8ces de puzzle individuelles, qui sont d\u00e9coup\u00e9es en cons\u00e9quence au laser. Comme vous pouvez le voir dans notre exemple, de nombreux petits chiens de formes diff\u00e9rentes composent un grand chien. Les puzzles en bois conviennent \u00e0 tous les groupes d'\u00e2ge. Ils entra\u00eenent les comp\u00e9tences pratiques, les capacit\u00e9s de r\u00e9flexion et la capacit\u00e9 \u00e0 diff\u00e9rencier les images.<\/p>","protected":false},"excerpt":{"rendered":"<p>With the new individual motif puzzles from e!xact made of wood, each puzzle piece has its own shape. This makes it possible to create individual puzzle pieces in different dog shapes from a large motif such as a dog: Customers can thus transform their mascot into individual single puzzle pieces, which are cut accordingly by [&hellip;]<\/p>\n","protected":false},"featured_media":5172,"template":"","meta":{"_et_pb_use_builder":"","_et_pb_old_content":"","_et_gb_content_width":""},"product_brand":[],"product_cat":[1309],"product_tag":[],"class_list":{"0":"post-5170","1":"product","2":"type-product","3":"status-publish","4":"has-post-thumbnail","6":"product_cat-world-of-puzzles","8":"first","9":"instock","10":"shipping-taxable","11":"product-type-simple"},"_links":{"self":[{"href":"https:\/\/e-xact.de\/fr\/wp-json\/wp\/v2\/product\/5170","targetHints":{"allow":["GET"]}}],"collection":[{"href":"https:\/\/e-xact.de\/fr\/wp-json\/wp\/v2\/product"}],"about":[{"href":"https:\/\/e-xact.de\/fr\/wp-json\/wp\/v2\/types\/product"}],"wp:featuredmedia":[{"embeddable":true,"href":"https:\/\/e-xact.de\/fr\/wp-json\/wp\/v2\/media\/5172"}],"wp:attachment":[{"href":"https:\/\/e-xact.de\/fr\/wp-json\/wp\/v2\/media?parent=5170"}],"wp:term":[{"taxonomy":"product_brand","embeddable":true,"href":"https:\/\/e-xact.de\/fr\/wp-json\/wp\/v2\/product_brand?post=5170"},{"taxonomy":"product_cat","embeddable":true,"href":"https:\/\/e-xact.de\/fr\/wp-json\/wp\/v2\/product_cat?post=5170"},{"taxonomy":"product_tag","embeddable":true,"href":"https:\/\/e-xact.de\/fr\/wp-json\/wp\/v2\/product_tag?post=5170"}],"curies":[{"name":"wp","href":"https:\/\/api.w.org\/{rel}","templated":true}]}}