{"id":5169,"date":"2025-01-20T15:23:48","date_gmt":"2025-01-20T14:23:48","guid":{"rendered":"https:\/\/e-xact.de\/?post_type=product&#038;p=5169"},"modified":"2026-01-28T10:17:40","modified_gmt":"2026-01-28T09:17:40","slug":"exact-motive-puzzle-aus-holz","status":"publish","type":"product","link":"https:\/\/e-xact.de\/fr\/produit\/exact-motive-puzzle-aus-holz\/","title":{"rendered":"Puzzle exact en bois"},"content":{"rendered":"<p>Dans les nouveaux puzzles individuels \u00e0 motif en bois de e!xact, toutes les pi\u00e8ces du puzzle ont leur propre forme. Cela permet de concevoir, \u00e0 partir d'un grand motif comme un chien, des pi\u00e8ces de puzzle individuelles prenant la forme de diff\u00e9rents chiens : ainsi, les clients peuvent transformer leur mascotte en pi\u00e8ces de puzzle individuelles, d\u00e9coup\u00e9es au laser en cons\u00e9quence. Comme on peut le voir dans notre exemple, de nombreux petits chiens de diff\u00e9rentes repr\u00e9sentations forment un grand chien. Cela permet d'entra\u00eener les comp\u00e9tences pratiques, la pens\u00e9e et la capacit\u00e9 de discrimination visuelle. <\/p>","protected":false},"excerpt":{"rendered":"<p>Bei den neuen individuellen Motiv Puzzeln von e!xact aus Holz haben alle Puzzleteile eine eigene Form. Dies erm\u00f6glicht aus einem gro\u00dfen Motiv wie einem Hund die einzelnen Puzzleteile auch in verschiedenen Hundeformen zu gestalten: So k\u00f6nnen Kunden Ihr Maskottchen in individuelle Einzelpuzzleteile umsetzen, die durch Laser entsprechend geschnitten werden. Wie in unserem Beispiel zu sehen, [&hellip;]<\/p>\n","protected":false},"featured_media":5171,"template":"","meta":{"_et_pb_use_builder":"","_et_pb_old_content":"","_et_gb_content_width":""},"product_brand":[],"product_cat":[1301],"product_tag":[1355,1356,1354,1358,1357,1353],"class_list":{"0":"post-5169","1":"product","2":"type-product","3":"status-publish","4":"has-post-thumbnail","6":"product_cat-puzzlewelt","7":"product_tag-holzpuzzle","8":"product_tag-kinderkarten","9":"product_tag-puzzle-in-sonderform","10":"product_tag-schwer","11":"product_tag-senioren","12":"product_tag-spiel","14":"first","15":"instock","16":"shipping-taxable","17":"product-type-simple"},"_links":{"self":[{"href":"https:\/\/e-xact.de\/fr\/wp-json\/wp\/v2\/product\/5169","targetHints":{"allow":["GET"]}}],"collection":[{"href":"https:\/\/e-xact.de\/fr\/wp-json\/wp\/v2\/product"}],"about":[{"href":"https:\/\/e-xact.de\/fr\/wp-json\/wp\/v2\/types\/product"}],"wp:featuredmedia":[{"embeddable":true,"href":"https:\/\/e-xact.de\/fr\/wp-json\/wp\/v2\/media\/5171"}],"wp:attachment":[{"href":"https:\/\/e-xact.de\/fr\/wp-json\/wp\/v2\/media?parent=5169"}],"wp:term":[{"taxonomy":"product_brand","embeddable":true,"href":"https:\/\/e-xact.de\/fr\/wp-json\/wp\/v2\/product_brand?post=5169"},{"taxonomy":"product_cat","embeddable":true,"href":"https:\/\/e-xact.de\/fr\/wp-json\/wp\/v2\/product_cat?post=5169"},{"taxonomy":"product_tag","embeddable":true,"href":"https:\/\/e-xact.de\/fr\/wp-json\/wp\/v2\/product_tag?post=5169"}],"curies":[{"name":"wp","href":"https:\/\/api.w.org\/{rel}","templated":true}]}}