{"id":4823,"date":"2023-08-25T14:10:02","date_gmt":"2023-08-25T11:38:02","guid":{"rendered":"https:\/\/e-xact.de\/?post_type=product&#038;p=4823"},"modified":"2023-08-29T14:38:06","modified_gmt":"2023-08-29T12:38:06","slug":"t-shirt-microfiber-bag-kopie-kopie","status":"publish","type":"product","link":"https:\/\/e-xact.de\/fr\/produit\/t-shirt-microfiber-bag-kopie-kopie\/","title":{"rendered":"Tapis de souris e!xact Speedgaming"},"content":{"rendered":"<table style=\"height: 70px;\" width=\"840\">\n<tbody>\n<tr>\n<td style=\"width: 830px;\">Disponible en diff\u00e9rentes tailles ! Notre tapis de souris Speed Gaming impressionne par la douceur de son mat\u00e9riau. Le rev\u00eatement en caoutchouc \u00e0 l'arri\u00e8re fait de ce gadget indispensable pour les joueurs rapides un compagnon constant. \u00c9galement disponible avec \u00e9clairage via connexion USB !<\/td>\n<\/tr>\n<\/tbody>\n<\/table>","protected":false},"excerpt":{"rendered":"<p>Disponible en diff\u00e9rentes tailles ! Notre tapis de souris Speed Gaming impressionne par la douceur de son mat\u00e9riau. Le rev\u00eatement en caoutchouc \u00e0 l'arri\u00e8re fait de ce gadget indispensable pour les joueurs rapides un compagnon constant. \u00c9galement disponible avec \u00e9clairage via connexion USB !<\/p>","protected":false},"featured_media":4825,"template":"","meta":{"_et_pb_use_builder":"","_et_pb_old_content":"","_et_gb_content_width":""},"product_brand":[],"product_cat":[869],"product_tag":[],"class_list":{"0":"post-4823","1":"product","2":"type-product","3":"status-publish","4":"has-post-thumbnail","6":"product_cat-world-of-microfibers","8":"first","9":"instock","10":"shipping-taxable","11":"product-type-simple"},"_links":{"self":[{"href":"https:\/\/e-xact.de\/fr\/wp-json\/wp\/v2\/product\/4823","targetHints":{"allow":["GET"]}}],"collection":[{"href":"https:\/\/e-xact.de\/fr\/wp-json\/wp\/v2\/product"}],"about":[{"href":"https:\/\/e-xact.de\/fr\/wp-json\/wp\/v2\/types\/product"}],"wp:featuredmedia":[{"embeddable":true,"href":"https:\/\/e-xact.de\/fr\/wp-json\/wp\/v2\/media\/4825"}],"wp:attachment":[{"href":"https:\/\/e-xact.de\/fr\/wp-json\/wp\/v2\/media?parent=4823"}],"wp:term":[{"taxonomy":"product_brand","embeddable":true,"href":"https:\/\/e-xact.de\/fr\/wp-json\/wp\/v2\/product_brand?post=4823"},{"taxonomy":"product_cat","embeddable":true,"href":"https:\/\/e-xact.de\/fr\/wp-json\/wp\/v2\/product_cat?post=4823"},{"taxonomy":"product_tag","embeddable":true,"href":"https:\/\/e-xact.de\/fr\/wp-json\/wp\/v2\/product_tag?post=4823"}],"curies":[{"name":"wp","href":"https:\/\/api.w.org\/{rel}","templated":true}]}}