{"id":4822,"date":"2023-08-25T14:10:02","date_gmt":"2023-08-25T12:10:02","guid":{"rendered":"https:\/\/e-xact.de\/?post_type=product&#038;p=4822"},"modified":"2025-12-09T11:39:55","modified_gmt":"2025-12-09T10:39:55","slug":"exact-speedgaming-mousepad","status":"publish","type":"product","link":"https:\/\/e-xact.de\/fr\/produit\/exact-speedgaming-mousepad\/","title":{"rendered":"Tapis de souris Speedgaming"},"content":{"rendered":"<p>Disponible en diff\u00e9rentes tailles ! Notre tapis de souris Speed Gaming se distingue par la douceur de son mat\u00e9riau. Le rev\u00eatement en caoutchouc au dos fait de ce gadget incontournable un compagnon de tous les instants pour les speed gamers. \u00c9galement disponible avec \u00e9clairage par connexion USB !<\/p>","protected":false},"excerpt":{"rendered":"<p>Disponible en diff\u00e9rentes tailles ! Notre tapis de souris Speed Gaming se distingue par la douceur de son mat\u00e9riau. Le rev\u00eatement en caoutchouc au dos fait de ce gadget incontournable un compagnon de tous les instants pour les speed gamers. \u00c9galement disponible avec \u00e9clairage par connexion USB !<\/p>","protected":false},"featured_media":4824,"template":"","meta":{"_et_pb_use_builder":"","_et_pb_old_content":"","_et_gb_content_width":""},"product_brand":[],"product_cat":[208],"product_tag":[1348,1347,1352,1346,1349,1351,1350],"class_list":{"0":"post-4822","1":"product","2":"type-product","3":"status-publish","4":"has-post-thumbnail","6":"product_cat-mikrofaserwelt","7":"product_tag-community","8":"product_tag-gamer","9":"product_tag-grafiker","10":"product_tag-hacker","11":"product_tag-nintendo","12":"product_tag-pc-spiele","13":"product_tag-switch","15":"first","16":"instock","17":"shipping-taxable","18":"product-type-simple"},"_links":{"self":[{"href":"https:\/\/e-xact.de\/fr\/wp-json\/wp\/v2\/product\/4822","targetHints":{"allow":["GET"]}}],"collection":[{"href":"https:\/\/e-xact.de\/fr\/wp-json\/wp\/v2\/product"}],"about":[{"href":"https:\/\/e-xact.de\/fr\/wp-json\/wp\/v2\/types\/product"}],"wp:featuredmedia":[{"embeddable":true,"href":"https:\/\/e-xact.de\/fr\/wp-json\/wp\/v2\/media\/4824"}],"wp:attachment":[{"href":"https:\/\/e-xact.de\/fr\/wp-json\/wp\/v2\/media?parent=4822"}],"wp:term":[{"taxonomy":"product_brand","embeddable":true,"href":"https:\/\/e-xact.de\/fr\/wp-json\/wp\/v2\/product_brand?post=4822"},{"taxonomy":"product_cat","embeddable":true,"href":"https:\/\/e-xact.de\/fr\/wp-json\/wp\/v2\/product_cat?post=4822"},{"taxonomy":"product_tag","embeddable":true,"href":"https:\/\/e-xact.de\/fr\/wp-json\/wp\/v2\/product_tag?post=4822"}],"curies":[{"name":"wp","href":"https:\/\/api.w.org\/{rel}","templated":true}]}}