{"id":4783,"date":"2023-08-08T14:57:27","date_gmt":"2023-08-08T12:57:27","guid":{"rendered":"https:\/\/e-xact.de\/?post_type=product&#038;p=4783"},"modified":"2023-08-29T14:35:20","modified_gmt":"2023-08-29T12:35:20","slug":"exact-folding-cube-70x70x70-mm-kopie-3","status":"publish","type":"product","link":"https:\/\/e-xact.de\/fr\/produit\/exact-folding-cube-70x70x70-mm-kopie-3\/","title":{"rendered":"e!xact Building Blocks Big &#038; Small"},"content":{"rendered":"<table style=\"height: 83px;\" width=\"973\">\n<tbody>\n<tr>\n<td style=\"width: 963px;\">Convient pour le team building, les fusions d'entreprises ou pour des services\/produits qui se compl\u00e8tent. Tr\u00e8s bien aussi pour le secteur pharmaceutique pour expliquer les effets de, par exemple, certains m\u00e9dicaments. Les \u00e9l\u00e9ments de construction ainsi que les plaques de base sont disponibles en diff\u00e9rentes couleurs, tailles et variantes standard. L'impression num\u00e9rique ou par tampographie est possible.<\/td>\n<\/tr>\n<\/tbody>\n<\/table>","protected":false},"excerpt":{"rendered":"<p>Convient pour le team building, les fusions d'entreprises ou pour des services\/produits qui se compl\u00e8tent. Tr\u00e8s bien aussi pour le secteur pharmaceutique pour expliquer les effets de, par exemple, certains m\u00e9dicaments. Les \u00e9l\u00e9ments de construction ainsi que les plaques de base sont disponibles en diff\u00e9rentes couleurs, tailles et variantes standard. L'impression num\u00e9rique ou par tampographie est possible.<\/p>","protected":false},"featured_media":4785,"template":"","meta":{"_et_pb_use_builder":"","_et_pb_old_content":"","_et_gb_content_width":""},"product_brand":[],"product_cat":[857,1309],"product_tag":[1202,1200,1206,1038,1205,1035,1203,1183,1036,1182,1199,1179,1043,1180,1042,1040,1039,1041,1198,1201,1197,1181,1184,1204,1177],"class_list":{"0":"post-4783","1":"product","2":"type-product","3":"status-publish","4":"has-post-thumbnail","6":"product_cat-world-of-advertising","7":"product_cat-world-of-puzzles","8":"product_tag-complex-en","9":"product_tag-complex-solution","10":"product_tag-creativity-en","11":"product_tag-cube-en","12":"product_tag-difficult-to-solve-en","13":"product_tag-exact-en-3","14":"product_tag-genie-en","15":"product_tag-magic-en","16":"product_tag-magic-cube-en","17":"product_tag-magic-cube-en-2","18":"product_tag-mathemetics","19":"product_tag-patience-en","20":"product_tag-puzzle-en","21":"product_tag-rotating-cube-en","22":"product_tag-rubick-en","23":"product_tag-rubik-en","24":"product_tag-rubiks-en","25":"product_tag-rubix-en","26":"product_tag-search-tool","27":"product_tag-solution-en","28":"product_tag-torch-en","29":"product_tag-toy-en","30":"product_tag-toys-en","31":"product_tag-unsolveable","32":"product_tag-wuerfel-en","34":"first","35":"instock","36":"shipping-taxable","37":"product-type-simple"},"_links":{"self":[{"href":"https:\/\/e-xact.de\/fr\/wp-json\/wp\/v2\/product\/4783","targetHints":{"allow":["GET"]}}],"collection":[{"href":"https:\/\/e-xact.de\/fr\/wp-json\/wp\/v2\/product"}],"about":[{"href":"https:\/\/e-xact.de\/fr\/wp-json\/wp\/v2\/types\/product"}],"wp:featuredmedia":[{"embeddable":true,"href":"https:\/\/e-xact.de\/fr\/wp-json\/wp\/v2\/media\/4785"}],"wp:attachment":[{"href":"https:\/\/e-xact.de\/fr\/wp-json\/wp\/v2\/media?parent=4783"}],"wp:term":[{"taxonomy":"product_brand","embeddable":true,"href":"https:\/\/e-xact.de\/fr\/wp-json\/wp\/v2\/product_brand?post=4783"},{"taxonomy":"product_cat","embeddable":true,"href":"https:\/\/e-xact.de\/fr\/wp-json\/wp\/v2\/product_cat?post=4783"},{"taxonomy":"product_tag","embeddable":true,"href":"https:\/\/e-xact.de\/fr\/wp-json\/wp\/v2\/product_tag?post=4783"}],"curies":[{"name":"wp","href":"https:\/\/api.w.org\/{rel}","templated":true}]}}