{"id":4782,"date":"2023-08-08T14:57:27","date_gmt":"2023-08-08T12:57:27","guid":{"rendered":"https:\/\/e-xact.de\/?post_type=product&#038;p=4782"},"modified":"2026-01-28T10:37:47","modified_gmt":"2026-01-28T09:37:47","slug":"exact-bausteine-gross-klein","status":"publish","type":"product","link":"https:\/\/e-xact.de\/fr\/produit\/exact-bausteine-gross-klein\/","title":{"rendered":"e!xact Bausteine gro\u00df &#038; klein"},"content":{"rendered":"<p>Convient pour le team building, les fusions d'entreprises ou pour des services\/produits qui se compl\u00e8tent. Tr\u00e8s utile \u00e9galement dans le domaine pharmaceutique pour expliquer les effets de m\u00e9dicaments, par exemple. Les blocs de construction ainsi que les plaques de base sont disponibles en diff\u00e9rentes couleurs standard, tailles et variantes. Impression possible en num\u00e9rique ou en tampographie.<\/p>","protected":false},"excerpt":{"rendered":"<p>Convient pour le team building, les fusions d'entreprises ou pour des services\/produits qui se compl\u00e8tent. Tr\u00e8s utile \u00e9galement dans le domaine pharmaceutique pour expliquer les effets de m\u00e9dicaments, par exemple. Les blocs de construction ainsi que les plaques de base sont disponibles en diff\u00e9rentes couleurs standard, tailles et variantes. Impression possible en num\u00e9rique ou en tampographie.<\/p>","protected":false},"featured_media":4784,"template":"","meta":{"_et_pb_use_builder":"","_et_pb_old_content":"","_et_gb_content_width":""},"product_brand":[],"product_cat":[1301,209],"product_tag":[719,726,717,751,567,734,749,750,731,733,737,732,725,730,635,724,721,720,722,736,727,656,729,648,735,650,723,718],"class_list":{"0":"post-4782","1":"product","2":"type-product","3":"status-publish","4":"has-post-thumbnail","6":"product_cat-puzzlewelt","7":"product_cat-werbewelt","8":"product_tag-cube","9":"product_tag-drehwuerfel","10":"product_tag-exact","11":"product_tag-faltwerk","12":"product_tag-geduld","13":"product_tag-genie","14":"product_tag-klapp","15":"product_tag-klappwuerfel","16":"product_tag-komlpexe-loesung","17":"product_tag-komplex","18":"product_tag-kreativitaet","19":"product_tag-loesung","20":"product_tag-magic-cube","21":"product_tag-mathematik","22":"product_tag-puzzle","23":"product_tag-rubick","24":"product_tag-rubik","25":"product_tag-rubiks","26":"product_tag-rubix","27":"product_tag-schwer-loesbar","28":"product_tag-spielsachen","29":"product_tag-spielzeug","30":"product_tag-suchgeraet","31":"product_tag-taschenlampe","32":"product_tag-unloesbar","33":"product_tag-wuerfel","34":"product_tag-zauber","35":"product_tag-zauberwuerfel","37":"first","38":"instock","39":"shipping-taxable","40":"product-type-simple"},"_links":{"self":[{"href":"https:\/\/e-xact.de\/fr\/wp-json\/wp\/v2\/product\/4782","targetHints":{"allow":["GET"]}}],"collection":[{"href":"https:\/\/e-xact.de\/fr\/wp-json\/wp\/v2\/product"}],"about":[{"href":"https:\/\/e-xact.de\/fr\/wp-json\/wp\/v2\/types\/product"}],"wp:featuredmedia":[{"embeddable":true,"href":"https:\/\/e-xact.de\/fr\/wp-json\/wp\/v2\/media\/4784"}],"wp:attachment":[{"href":"https:\/\/e-xact.de\/fr\/wp-json\/wp\/v2\/media?parent=4782"}],"wp:term":[{"taxonomy":"product_brand","embeddable":true,"href":"https:\/\/e-xact.de\/fr\/wp-json\/wp\/v2\/product_brand?post=4782"},{"taxonomy":"product_cat","embeddable":true,"href":"https:\/\/e-xact.de\/fr\/wp-json\/wp\/v2\/product_cat?post=4782"},{"taxonomy":"product_tag","embeddable":true,"href":"https:\/\/e-xact.de\/fr\/wp-json\/wp\/v2\/product_tag?post=4782"}],"curies":[{"name":"wp","href":"https:\/\/api.w.org\/{rel}","templated":true}]}}