{"id":4715,"date":"2023-01-03T15:03:03","date_gmt":"2023-01-03T14:03:03","guid":{"rendered":"https:\/\/e-xact.de\/?post_type=product&#038;p=4715"},"modified":"2025-12-12T13:26:10","modified_gmt":"2025-12-12T12:26:10","slug":"exact-klappwuerfel-orbit-10cm","status":"publish","type":"product","link":"https:\/\/e-xact.de\/fr\/produit\/exact-klappwuerfel-orbit-10cm\/","title":{"rendered":"e!xact cube pliable ORBIT"},"content":{"rendered":"<p>Avec sa forme ronde, tu fais rouler ta campagne de mani\u00e8re ludique. Que ce soit comme jouet, accessoire de bureau ou gadget cr\u00e9atif, l'ORBIT s'adapte parfaitement \u00e0 ton quotidien et apporte une touche de modernit\u00e9.<\/p>","protected":false},"excerpt":{"rendered":"<p>Avec sa forme ronde, tu fais rouler ta campagne de mani\u00e8re ludique. Que ce soit comme jouet, accessoire de bureau ou gadget cr\u00e9atif, l'ORBIT s'adapte parfaitement \u00e0 ton quotidien et apporte une touche de modernit\u00e9.<\/p>","protected":false},"featured_media":25095277,"template":"","meta":{"_et_pb_use_builder":"","_et_pb_old_content":"","_et_gb_content_width":""},"product_brand":[],"product_cat":[207],"product_tag":[719,751,1407,1408,749,750,737,725,1406,650],"class_list":{"0":"post-4715","1":"product","2":"type-product","3":"status-publish","4":"has-post-thumbnail","6":"product_cat-wuerfelwelt","7":"product_tag-cube","8":"product_tag-faltwerk","9":"product_tag-haptik","10":"product_tag-haptische-werbemittel","11":"product_tag-klapp","12":"product_tag-klappwuerfel","13":"product_tag-kreativitaet","14":"product_tag-magic-cube","15":"product_tag-touchmore","16":"product_tag-wuerfel","18":"first","19":"instock","20":"shipping-taxable","21":"product-type-simple"},"_links":{"self":[{"href":"https:\/\/e-xact.de\/fr\/wp-json\/wp\/v2\/product\/4715","targetHints":{"allow":["GET"]}}],"collection":[{"href":"https:\/\/e-xact.de\/fr\/wp-json\/wp\/v2\/product"}],"about":[{"href":"https:\/\/e-xact.de\/fr\/wp-json\/wp\/v2\/types\/product"}],"wp:featuredmedia":[{"embeddable":true,"href":"https:\/\/e-xact.de\/fr\/wp-json\/wp\/v2\/media\/25095277"}],"wp:attachment":[{"href":"https:\/\/e-xact.de\/fr\/wp-json\/wp\/v2\/media?parent=4715"}],"wp:term":[{"taxonomy":"product_brand","embeddable":true,"href":"https:\/\/e-xact.de\/fr\/wp-json\/wp\/v2\/product_brand?post=4715"},{"taxonomy":"product_cat","embeddable":true,"href":"https:\/\/e-xact.de\/fr\/wp-json\/wp\/v2\/product_cat?post=4715"},{"taxonomy":"product_tag","embeddable":true,"href":"https:\/\/e-xact.de\/fr\/wp-json\/wp\/v2\/product_tag?post=4715"}],"curies":[{"name":"wp","href":"https:\/\/api.w.org\/{rel}","templated":true}]}}