{"id":4700,"date":"2023-01-03T14:45:59","date_gmt":"2023-01-03T13:45:59","guid":{"rendered":"https:\/\/e-xact.de\/?post_type=product&#038;p=4700"},"modified":"2025-12-10T15:22:11","modified_gmt":"2025-12-10T14:22:11","slug":"exact-zauberwuerfel-pyramide-96mm-im-direktdruck","status":"publish","type":"product","link":"https:\/\/e-xact.de\/fr\/produit\/exact-zauberwuerfel-pyramide-96mm-im-direktdruck\/","title":{"rendered":"e!xact Zauberw\u00fcrfel &#8211; Pyramide 96mm im Direktdruck\/UV Druck"},"content":{"rendered":"<p>La pyramide du cube magique - chaque segment peut \u00eatre tourn\u00e9 individuellement et ouvre ainsi des possibilit\u00e9s interactives pour pr\u00e9senter vos produits ou vos id\u00e9es \u00e9tape par \u00e9tape. Id\u00e9al pour les campagnes qui mettent l'accent sur la construction, le d\u00e9veloppement ou les relations.<\/p>","protected":false},"excerpt":{"rendered":"<p>La pyramide du cube magique - chaque segment peut \u00eatre tourn\u00e9 individuellement et ouvre ainsi des possibilit\u00e9s interactives pour pr\u00e9senter vos produits ou vos id\u00e9es \u00e9tape par \u00e9tape. Id\u00e9al pour les campagnes qui mettent l'accent sur la construction, le d\u00e9veloppement ou les relations.<\/p>","protected":false},"featured_media":5111,"template":"","meta":{"_et_pb_use_builder":"","_et_pb_old_content":"","_et_gb_content_width":""},"product_brand":[],"product_cat":[1301,207],"product_tag":[1377,719,726,1376,567,734,1375,724,721,720,722,723,718],"class_list":{"0":"post-4700","1":"product","2":"type-product","3":"status-publish","4":"has-post-thumbnail","6":"product_cat-puzzlewelt","7":"product_cat-wuerfelwelt","8":"product_tag-analysen","9":"product_tag-cube","10":"product_tag-drehwuerfel","11":"product_tag-finanzen","12":"product_tag-geduld","13":"product_tag-genie","14":"product_tag-rente","15":"product_tag-rubick","16":"product_tag-rubik","17":"product_tag-rubiks","18":"product_tag-rubix","19":"product_tag-zauber","20":"product_tag-zauberwuerfel","22":"first","23":"instock","24":"shipping-taxable","25":"product-type-simple"},"_links":{"self":[{"href":"https:\/\/e-xact.de\/fr\/wp-json\/wp\/v2\/product\/4700","targetHints":{"allow":["GET"]}}],"collection":[{"href":"https:\/\/e-xact.de\/fr\/wp-json\/wp\/v2\/product"}],"about":[{"href":"https:\/\/e-xact.de\/fr\/wp-json\/wp\/v2\/types\/product"}],"wp:featuredmedia":[{"embeddable":true,"href":"https:\/\/e-xact.de\/fr\/wp-json\/wp\/v2\/media\/5111"}],"wp:attachment":[{"href":"https:\/\/e-xact.de\/fr\/wp-json\/wp\/v2\/media?parent=4700"}],"wp:term":[{"taxonomy":"product_brand","embeddable":true,"href":"https:\/\/e-xact.de\/fr\/wp-json\/wp\/v2\/product_brand?post=4700"},{"taxonomy":"product_cat","embeddable":true,"href":"https:\/\/e-xact.de\/fr\/wp-json\/wp\/v2\/product_cat?post=4700"},{"taxonomy":"product_tag","embeddable":true,"href":"https:\/\/e-xact.de\/fr\/wp-json\/wp\/v2\/product_tag?post=4700"}],"curies":[{"name":"wp","href":"https:\/\/api.w.org\/{rel}","templated":true}]}}