{"id":4690,"date":"2023-01-03T14:22:13","date_gmt":"2023-01-03T13:22:13","guid":{"rendered":"https:\/\/e-xact.de\/?post_type=product&#038;p=4690"},"modified":"2025-12-10T15:27:32","modified_gmt":"2025-12-10T14:27:32","slug":"exact-zauberwuerfel-3x3-100mm-im-direktdruck","status":"publish","type":"product","link":"https:\/\/e-xact.de\/fr\/produit\/exact-zauberwuerfel-3x3-100mm-im-direktdruck\/","title":{"rendered":"e!xact Zauberw\u00fcrfel &#8211; 3&#215;3 100mm im Direktdruck\/UV Druck"},"content":{"rendered":"<p>Le plus grand cube magique, avec une longueur d'ar\u00eate de 10 cm, n'existe que chez nous ! Un accroche-regard garanti ! Gr\u00e2ce \u00e0 l'impression directe, c'est un point fort absolu parmi tous les cubes magiques ! Il ne devrait pas manquer sur le bureau de votre client. Avec une mise en page habile, vous transportez avec votre entreprise un sourire sur le visage du destinataire du cadeau et vous vous rappelez chaque jour \u00e0 son bon souvenir. <\/p>","protected":false},"excerpt":{"rendered":"<p>Le plus grand cube magique, avec une longueur d'ar\u00eate de 10 cm, n'existe que chez nous ! Un accroche-regard garanti ! Gr\u00e2ce \u00e0 l'impression directe, c'est un point fort absolu parmi tous les cubes magiques ! Il ne devrait pas manquer sur le bureau de votre client. Avec une mise en page habile, vous transportez avec votre entreprise un sourire sur le visage du destinataire du cadeau et vous vous rappelez chaque jour \u00e0 son bon souvenir.<\/p>","protected":false},"featured_media":4527,"template":"","meta":{"_et_pb_use_builder":"","_et_pb_old_content":"","_et_gb_content_width":""},"product_brand":[],"product_cat":[207],"product_tag":[719,726,717,751,567,734,749,750,731,733,737,732,725,730,635,724,721,720,722,736,727,656,729,648,735,650,723,718],"class_list":{"0":"post-4690","1":"product","2":"type-product","3":"status-publish","4":"has-post-thumbnail","6":"product_cat-wuerfelwelt","7":"product_tag-cube","8":"product_tag-drehwuerfel","9":"product_tag-exact","10":"product_tag-faltwerk","11":"product_tag-geduld","12":"product_tag-genie","13":"product_tag-klapp","14":"product_tag-klappwuerfel","15":"product_tag-komlpexe-loesung","16":"product_tag-komplex","17":"product_tag-kreativitaet","18":"product_tag-loesung","19":"product_tag-magic-cube","20":"product_tag-mathematik","21":"product_tag-puzzle","22":"product_tag-rubick","23":"product_tag-rubik","24":"product_tag-rubiks","25":"product_tag-rubix","26":"product_tag-schwer-loesbar","27":"product_tag-spielsachen","28":"product_tag-spielzeug","29":"product_tag-suchgeraet","30":"product_tag-taschenlampe","31":"product_tag-unloesbar","32":"product_tag-wuerfel","33":"product_tag-zauber","34":"product_tag-zauberwuerfel","36":"first","37":"instock","38":"shipping-taxable","39":"product-type-simple"},"_links":{"self":[{"href":"https:\/\/e-xact.de\/fr\/wp-json\/wp\/v2\/product\/4690","targetHints":{"allow":["GET"]}}],"collection":[{"href":"https:\/\/e-xact.de\/fr\/wp-json\/wp\/v2\/product"}],"about":[{"href":"https:\/\/e-xact.de\/fr\/wp-json\/wp\/v2\/types\/product"}],"wp:featuredmedia":[{"embeddable":true,"href":"https:\/\/e-xact.de\/fr\/wp-json\/wp\/v2\/media\/4527"}],"wp:attachment":[{"href":"https:\/\/e-xact.de\/fr\/wp-json\/wp\/v2\/media?parent=4690"}],"wp:term":[{"taxonomy":"product_brand","embeddable":true,"href":"https:\/\/e-xact.de\/fr\/wp-json\/wp\/v2\/product_brand?post=4690"},{"taxonomy":"product_cat","embeddable":true,"href":"https:\/\/e-xact.de\/fr\/wp-json\/wp\/v2\/product_cat?post=4690"},{"taxonomy":"product_tag","embeddable":true,"href":"https:\/\/e-xact.de\/fr\/wp-json\/wp\/v2\/product_tag?post=4690"}],"curies":[{"name":"wp","href":"https:\/\/api.w.org\/{rel}","templated":true}]}}