{"id":4559,"date":"2023-01-03T13:50:17","date_gmt":"2023-02-24T11:49:17","guid":{"rendered":"https:\/\/e-xact.de\/?post_type=product&#038;p=4559"},"modified":"2025-03-19T11:59:42","modified_gmt":"2025-03-19T10:59:42","slug":"exact-twisted-cubes-in-100x100x100-mm-for-even-more-enchanting-results-kopie","status":"publish","type":"product","link":"https:\/\/e-xact.de\/fr\/produit\/exact-twisted-cubes-in-100x100x100-mm-for-even-more-enchanting-results-kopie\/","title":{"rendered":"e!xact Cube Anti-Stress 35x35x35 mm"},"content":{"rendered":"<p>Ce cube est un jouet multifonctionnel pour enfants et adultes qui aide \u00e0 r\u00e9duire le stress. Dans les situations stressantes du quotidien, le cube peut aider \u00e0 avoir les id\u00e9es claires et \u00e0 travailler plus concentr\u00e9. Ceci est rendu possible par le petit disque qui peut \u00eatre tourn\u00e9, une petite boule qui peut \u00eatre d\u00e9plac\u00e9e dans toutes les directions, un interrupteur, un joystick et 5 petits boutons que l'on peut presser comme un stylo. Marquage par tampographie possible sur une position !<\/p>\n<p>&nbsp;<\/p>","protected":false},"excerpt":{"rendered":"<p>This cube is a multifunctional toy for children and adults that helps to reduce stress. In everyday stressful situations, the cube can help to get a clear head and to work more concentrated. This is made possible by the small disc that can be turned, a small ball that can be moved in all directions, [&hellip;]<\/p>\n","protected":false},"featured_media":4554,"template":"","meta":{"_et_pb_use_builder":"","_et_pb_old_content":"","_et_gb_content_width":""},"product_brand":[],"product_cat":[871],"product_tag":[1038,1031,1032,1182,1179,1177],"class_list":{"0":"post-4559","1":"product","2":"type-product","3":"status-publish","4":"has-post-thumbnail","6":"product_cat-world-of-cubes","7":"product_tag-cube-en","8":"product_tag-fidget-en","9":"product_tag-fidgetcube-en","10":"product_tag-magic-cube-en-2","11":"product_tag-patience-en","12":"product_tag-wuerfel-en","14":"first","15":"instock","16":"shipping-taxable","17":"product-type-simple"},"_links":{"self":[{"href":"https:\/\/e-xact.de\/fr\/wp-json\/wp\/v2\/product\/4559","targetHints":{"allow":["GET"]}}],"collection":[{"href":"https:\/\/e-xact.de\/fr\/wp-json\/wp\/v2\/product"}],"about":[{"href":"https:\/\/e-xact.de\/fr\/wp-json\/wp\/v2\/types\/product"}],"wp:featuredmedia":[{"embeddable":true,"href":"https:\/\/e-xact.de\/fr\/wp-json\/wp\/v2\/media\/4554"}],"wp:attachment":[{"href":"https:\/\/e-xact.de\/fr\/wp-json\/wp\/v2\/media?parent=4559"}],"wp:term":[{"taxonomy":"product_brand","embeddable":true,"href":"https:\/\/e-xact.de\/fr\/wp-json\/wp\/v2\/product_brand?post=4559"},{"taxonomy":"product_cat","embeddable":true,"href":"https:\/\/e-xact.de\/fr\/wp-json\/wp\/v2\/product_cat?post=4559"},{"taxonomy":"product_tag","embeddable":true,"href":"https:\/\/e-xact.de\/fr\/wp-json\/wp\/v2\/product_tag?post=4559"}],"curies":[{"name":"wp","href":"https:\/\/api.w.org\/{rel}","templated":true}]}}