{"id":4558,"date":"2023-01-03T13:50:17","date_gmt":"2023-01-03T12:50:17","guid":{"rendered":"https:\/\/e-xact.de\/?post_type=product&#038;p=4558"},"modified":"2025-12-18T15:12:38","modified_gmt":"2025-12-18T14:12:38","slug":"exact-zappel-wuerfel-fidget-cube","status":"publish","type":"product","link":"https:\/\/e-xact.de\/fr\/produit\/exact-zappel-wuerfel-fidget-cube\/","title":{"rendered":"e!xact Fidget Cube"},"content":{"rendered":"<p>Le Fidget Cube est un jouet populaire de r\u00e9duction du stress, sp\u00e9cialement con\u00e7u pour aider les gens \u00e0 se concentrer, \u00e0 calmer leurs nerfs et \u00e0 occuper leurs mains agit\u00e9es. Il s'agit d'un petit appareil maniable compos\u00e9 de diff\u00e9rents \u00e9l\u00e9ments interactifs, qui convient aussi bien aux enfants qu'aux adultes. La polyvalence du Fidget Cube en fait un excellent gadget pour les employ\u00e9s de bureau, les \u00e9tudiants ou anyone \u00e0 la recherche d'une distraction rapide.<\/p>","protected":false},"excerpt":{"rendered":"<p>Der Fidget Cube ist ein beliebtes Stressabbau-Spielzeug, das speziell entwickelt wurde, um Menschen zu helfen, sich zu konzentrieren, ihre Nerven zu beruhigen und unruhige H\u00e4nde zu besch\u00e4ftigen. Es ist ein kleines, handliches Ger\u00e4t, das aus verschiedenen interaktiven Elementen besteht und sowohl f\u00fcr Kinder als auch Erwachsene geeignet ist. Die Vielseitigkeit des Fidget Cubes macht ihn [&hellip;]<\/p>\n","protected":false},"featured_media":4555,"template":"","meta":{"_et_pb_use_builder":"","_et_pb_old_content":"","_et_gb_content_width":""},"product_brand":[],"product_cat":[207],"product_tag":[1417,1418,719,1008,1007,567,1009,650,1006,1005,718],"class_list":{"0":"post-4558","1":"product","2":"type-product","3":"status-publish","4":"has-post-thumbnail","6":"product_cat-wuerfelwelt","7":"product_tag-adhs","8":"product_tag-beruhigung","9":"product_tag-cube","10":"product_tag-fidget","11":"product_tag-fidgetcube","12":"product_tag-geduld","13":"product_tag-stressabbau","14":"product_tag-wuerfel","15":"product_tag-zappel","16":"product_tag-zappelwuerfel","17":"product_tag-zauberwuerfel","19":"first","20":"instock","21":"shipping-taxable","22":"product-type-simple"},"_links":{"self":[{"href":"https:\/\/e-xact.de\/fr\/wp-json\/wp\/v2\/product\/4558","targetHints":{"allow":["GET"]}}],"collection":[{"href":"https:\/\/e-xact.de\/fr\/wp-json\/wp\/v2\/product"}],"about":[{"href":"https:\/\/e-xact.de\/fr\/wp-json\/wp\/v2\/types\/product"}],"wp:featuredmedia":[{"embeddable":true,"href":"https:\/\/e-xact.de\/fr\/wp-json\/wp\/v2\/media\/4555"}],"wp:attachment":[{"href":"https:\/\/e-xact.de\/fr\/wp-json\/wp\/v2\/media?parent=4558"}],"wp:term":[{"taxonomy":"product_brand","embeddable":true,"href":"https:\/\/e-xact.de\/fr\/wp-json\/wp\/v2\/product_brand?post=4558"},{"taxonomy":"product_cat","embeddable":true,"href":"https:\/\/e-xact.de\/fr\/wp-json\/wp\/v2\/product_cat?post=4558"},{"taxonomy":"product_tag","embeddable":true,"href":"https:\/\/e-xact.de\/fr\/wp-json\/wp\/v2\/product_tag?post=4558"}],"curies":[{"name":"wp","href":"https:\/\/api.w.org\/{rel}","templated":true}]}}