{"id":4292,"date":"2022-11-03T18:24:36","date_gmt":"2022-11-03T17:24:36","guid":{"rendered":"https:\/\/e-xact.de\/?post_type=product&#038;p=4292"},"modified":"2025-12-18T15:20:07","modified_gmt":"2025-12-18T14:20:07","slug":"der-zauberwuerfel-stift","status":"publish","type":"product","link":"https:\/\/e-xact.de\/fr\/produit\/der-zauberwuerfel-stift\/","title":{"rendered":"Stylo e!xact cube magique"},"content":{"rendered":"<p>Le stylo cube magique est un article promotionnel innovant qui combine la fonctionnalit\u00e9 avec un design de puzzle intelligent. Il offre non seulement une fonction d'\u00e9criture pratique, mais aussi une composante amusante et interactive. Le capuchon du stylo peut \u00eatre retir\u00e9 en assemblant les cubes, ce qui lui conf\u00e8re un caract\u00e8re unique et ludique.<\/p>","protected":false},"excerpt":{"rendered":"<p>Le stylo cube magique est un article promotionnel innovant qui combine la fonctionnalit\u00e9 avec un design de puzzle intelligent. Il offre non seulement une fonction d'\u00e9criture pratique, mais aussi une composante amusante et interactive. Le capuchon du stylo peut \u00eatre retir\u00e9 en assemblant les cubes, ce qui lui conf\u00e8re un caract\u00e8re unique et ludique.<\/p>","protected":false},"featured_media":4288,"template":"","meta":{"_et_pb_use_builder":"","_et_pb_old_content":"","_et_gb_content_width":""},"product_brand":[],"product_cat":[1301,209,207],"product_tag":[521,556,1419,1420,1227,533,636,718],"class_list":{"0":"post-4292","1":"product","2":"type-product","3":"status-publish","4":"has-post-thumbnail","6":"product_cat-puzzlewelt","7":"product_cat-werbewelt","8":"product_cat-wuerfelwelt","9":"product_tag-buero","10":"product_tag-kugelschreiber","11":"product_tag-rbiksstift","12":"product_tag-rubiks-pen","13":"product_tag-schreibgeraete","14":"product_tag-schueler","15":"product_tag-stifte","16":"product_tag-zauberwuerfel","18":"first","19":"instock","20":"shipping-taxable","21":"product-type-simple"},"_links":{"self":[{"href":"https:\/\/e-xact.de\/fr\/wp-json\/wp\/v2\/product\/4292","targetHints":{"allow":["GET"]}}],"collection":[{"href":"https:\/\/e-xact.de\/fr\/wp-json\/wp\/v2\/product"}],"about":[{"href":"https:\/\/e-xact.de\/fr\/wp-json\/wp\/v2\/types\/product"}],"wp:featuredmedia":[{"embeddable":true,"href":"https:\/\/e-xact.de\/fr\/wp-json\/wp\/v2\/media\/4288"}],"wp:attachment":[{"href":"https:\/\/e-xact.de\/fr\/wp-json\/wp\/v2\/media?parent=4292"}],"wp:term":[{"taxonomy":"product_brand","embeddable":true,"href":"https:\/\/e-xact.de\/fr\/wp-json\/wp\/v2\/product_brand?post=4292"},{"taxonomy":"product_cat","embeddable":true,"href":"https:\/\/e-xact.de\/fr\/wp-json\/wp\/v2\/product_cat?post=4292"},{"taxonomy":"product_tag","embeddable":true,"href":"https:\/\/e-xact.de\/fr\/wp-json\/wp\/v2\/product_tag?post=4292"}],"curies":[{"name":"wp","href":"https:\/\/api.w.org\/{rel}","templated":true}]}}