{"id":4291,"date":"2022-11-03T18:25:10","date_gmt":"2022-11-03T17:25:10","guid":{"rendered":"https:\/\/e-xact.de\/?post_type=product&#038;p=4291"},"modified":"2025-12-18T15:29:18","modified_gmt":"2025-12-18T14:29:18","slug":"der-zauberwuerfel-stifte-koecher","status":"publish","type":"product","link":"https:\/\/e-xact.de\/fr\/produit\/der-zauberwuerfel-stifte-koecher\/","title":{"rendered":"e!xact Cube magique Pot \u00e0 crayons"},"content":{"rendered":"<p>Le porte-stylo cube magique est une bo\u00eete de rangement cool et pratique qui, gr\u00e2ce \u00e0 sa taille, reste toujours dans le champ de vision. Parfait pour les crayons, ciseaux, r\u00e8gles et autres ustensiles d'\u00e9criture - plus rien ne se perd ! Les trois niveaux horizontaux peuvent \u00eatre tourn\u00e9s \u00e0 la mani\u00e8re d'un cube magique, pour un plaisir suppl\u00e9mentaire du puzzle. Avec une grande surface publicitaire pouvant \u00eatre imprim\u00e9e en qualit\u00e9 photo, ce carquois est l'objet publicitaire id\u00e9al pour le bureau de votre client !<\/p>","protected":false},"excerpt":{"rendered":"<p>Der Zauberw\u00fcrfel Stifte K\u00f6cher ist eine coole und praktische Aufbewahrungsbox, die dank ihrer Gr\u00f6\u00dfe immer im Blickfeld bleibt. Perfekt f\u00fcr Stifte, Scheren, Lineale und andere Schreibutensilien \u2013 da geht nichts mehr verloren! Die drei horizontalen Ebenen lassen sich wie ein Zauberw\u00fcrfel drehen, was f\u00fcr zus\u00e4tzlichen Puzzlespa\u00df sorgt. Mit einer gro\u00dfen Werbefl\u00e4che, die in Fotoqualit\u00e4t bedruckt [&hellip;]<\/p>\n","protected":false},"featured_media":4284,"template":"","meta":{"_et_pb_use_builder":"","_et_pb_old_content":"","_et_gb_content_width":""},"product_brand":[],"product_cat":[1301,209,207],"product_tag":[521,1338,1224,1421,720,722,523,637,636],"class_list":{"0":"post-4291","1":"product","2":"type-product","3":"status-publish","4":"has-post-thumbnail","6":"product_cat-puzzlewelt","7":"product_cat-werbewelt","8":"product_cat-wuerfelwelt","9":"product_tag-buero","10":"product_tag-einschulung","11":"product_tag-koecher","12":"product_tag-penpot","13":"product_tag-rubiks","14":"product_tag-rubix","15":"product_tag-schreibtisch","16":"product_tag-schule","17":"product_tag-stifte","19":"first","20":"instock","21":"shipping-taxable","22":"product-type-simple"},"_links":{"self":[{"href":"https:\/\/e-xact.de\/fr\/wp-json\/wp\/v2\/product\/4291","targetHints":{"allow":["GET"]}}],"collection":[{"href":"https:\/\/e-xact.de\/fr\/wp-json\/wp\/v2\/product"}],"about":[{"href":"https:\/\/e-xact.de\/fr\/wp-json\/wp\/v2\/types\/product"}],"wp:featuredmedia":[{"embeddable":true,"href":"https:\/\/e-xact.de\/fr\/wp-json\/wp\/v2\/media\/4284"}],"wp:attachment":[{"href":"https:\/\/e-xact.de\/fr\/wp-json\/wp\/v2\/media?parent=4291"}],"wp:term":[{"taxonomy":"product_brand","embeddable":true,"href":"https:\/\/e-xact.de\/fr\/wp-json\/wp\/v2\/product_brand?post=4291"},{"taxonomy":"product_cat","embeddable":true,"href":"https:\/\/e-xact.de\/fr\/wp-json\/wp\/v2\/product_cat?post=4291"},{"taxonomy":"product_tag","embeddable":true,"href":"https:\/\/e-xact.de\/fr\/wp-json\/wp\/v2\/product_tag?post=4291"}],"curies":[{"name":"wp","href":"https:\/\/api.w.org\/{rel}","templated":true}]}}