{"id":4281,"date":"2022-11-03T18:13:33","date_gmt":"2022-11-03T17:13:34","guid":{"rendered":"https:\/\/e-xact.de\/?post_type=product&#038;p=4281"},"modified":"2023-03-03T13:24:50","modified_gmt":"2023-03-03T12:24:50","slug":"building-block-keychain-kopie","status":"publish","type":"product","link":"https:\/\/e-xact.de\/fr\/produit\/building-block-keychain-kopie\/","title":{"rendered":"Le porte-cl\u00e9s Cube torsad\u00e9"},"content":{"rendered":"<p>Le 3 Twisted Cube est un porte-cl\u00e9s avec un grand espace publicitaire. Les 3 cubes peuvent \u00eatre tourn\u00e9s les uns contre les autres et offrent beaucoup d'espace pour votre message publicitaire. Vous pouvez imprimer toutes les faces en qualit\u00e9 photo. Presque aucun autre porte-cl\u00e9s n'offre autant d'espace publicitaire sur un si petit espace en tant qu'article promotionnel. Le porte-cl\u00e9s accompagne votre client tous les jours et votre impression publicitaire est toujours pr\u00e9sente.<\/p>","protected":false},"excerpt":{"rendered":"<p>The 3 twisted Cube is a keychain with large advertising space. The 3 cubes can be twisted against each other and offer a lot of space for your advertising message. You can print all sides in photo quality. Hardly any other keychain has as a promotional item so much advertising space in such a small [&hellip;]<\/p>\n","protected":false},"featured_media":4287,"template":"","meta":{"_et_pb_use_builder":"","_et_pb_old_content":"","_et_gb_content_width":""},"product_brand":[],"product_cat":[857,871],"product_tag":[1283,1284,1322,1039],"class_list":{"0":"post-4281","1":"product","2":"type-product","3":"status-publish","4":"has-post-thumbnail","6":"product_cat-world-of-advertising","7":"product_cat-world-of-cubes","8":"product_tag-key-en","9":"product_tag-key-chain","10":"product_tag-recruiting","11":"product_tag-rubiks-en","13":"first","14":"instock","15":"shipping-taxable","16":"product-type-simple"},"_links":{"self":[{"href":"https:\/\/e-xact.de\/fr\/wp-json\/wp\/v2\/product\/4281","targetHints":{"allow":["GET"]}}],"collection":[{"href":"https:\/\/e-xact.de\/fr\/wp-json\/wp\/v2\/product"}],"about":[{"href":"https:\/\/e-xact.de\/fr\/wp-json\/wp\/v2\/types\/product"}],"wp:featuredmedia":[{"embeddable":true,"href":"https:\/\/e-xact.de\/fr\/wp-json\/wp\/v2\/media\/4287"}],"wp:attachment":[{"href":"https:\/\/e-xact.de\/fr\/wp-json\/wp\/v2\/media?parent=4281"}],"wp:term":[{"taxonomy":"product_brand","embeddable":true,"href":"https:\/\/e-xact.de\/fr\/wp-json\/wp\/v2\/product_brand?post=4281"},{"taxonomy":"product_cat","embeddable":true,"href":"https:\/\/e-xact.de\/fr\/wp-json\/wp\/v2\/product_cat?post=4281"},{"taxonomy":"product_tag","embeddable":true,"href":"https:\/\/e-xact.de\/fr\/wp-json\/wp\/v2\/product_tag?post=4281"}],"curies":[{"name":"wp","href":"https:\/\/api.w.org\/{rel}","templated":true}]}}