{"id":4280,"date":"2022-11-03T18:13:33","date_gmt":"2022-11-03T17:13:33","guid":{"rendered":"https:\/\/e-xact.de\/?post_type=product&#038;p=4280"},"modified":"2025-12-18T15:35:24","modified_gmt":"2025-12-18T14:35:24","slug":"zauberwuerfel-schluesselanhaenger","status":"publish","type":"product","link":"https:\/\/e-xact.de\/fr\/produit\/zauberwuerfel-schluesselanhaenger\/","title":{"rendered":"e!xact cube magique - Porte-cl\u00e9s \u00e0 base d'autocollants et d'impression directe\/UV"},"content":{"rendered":"<p>Le porte-cl\u00e9s 3 cubes magiques est un article promotionnel pratique offrant une grande surface publicitaire. Les trois cubes se tordent les uns par rapport aux autres et offrent de la place pour votre message publicitaire, qui peut \u00eatre imprim\u00e9 sur toutes les faces en qualit\u00e9 photo. Avec ce porte-cl\u00e9s, votre marque a une grande pr\u00e9sence dans un espace r\u00e9duit. Il accompagne votre client au quotidien et veille \u00e0 ce que votre impression publicitaire reste toujours visible !<\/p>","protected":false},"excerpt":{"rendered":"<p>Der 3er Zauberw\u00fcrfel Schl\u00fcsselanh\u00e4nger ist ein praktischer Werbeartikel mit viel Werbefl\u00e4che. Die drei W\u00fcrfel lassen sich gegeneinander verdrehen und bieten Platz f\u00fcr Ihre Werbebotschaft, die auf allen Seiten in Fotoqualit\u00e4t bedruckt werden kann. Mit diesem Schl\u00fcsselanh\u00e4nger hat Ihr Branding eine gro\u00dfe Pr\u00e4senz auf kleinstem Raum. Er begleitet Ihren Kunden t\u00e4glich und sorgt daf\u00fcr, dass Ihr [&hellip;]<\/p>\n","protected":false},"featured_media":4286,"template":"","meta":{"_et_pb_use_builder":"","_et_pb_old_content":"","_et_gb_content_width":""},"product_brand":[],"product_cat":[209,207],"product_tag":[1423,1338,576,1422,1424,720,596,715],"class_list":{"0":"post-4280","1":"product","2":"type-product","3":"status-publish","4":"has-post-thumbnail","6":"product_cat-werbewelt","7":"product_cat-wuerfelwelt","8":"product_tag-azubi","9":"product_tag-einschulung","10":"product_tag-kinder","11":"product_tag-notruf","12":"product_tag-recruiting-2","13":"product_tag-rubiks","14":"product_tag-schluessel","15":"product_tag-schluesselanhaenger","17":"first","18":"instock","19":"shipping-taxable","20":"product-type-simple"},"_links":{"self":[{"href":"https:\/\/e-xact.de\/fr\/wp-json\/wp\/v2\/product\/4280","targetHints":{"allow":["GET"]}}],"collection":[{"href":"https:\/\/e-xact.de\/fr\/wp-json\/wp\/v2\/product"}],"about":[{"href":"https:\/\/e-xact.de\/fr\/wp-json\/wp\/v2\/types\/product"}],"wp:featuredmedia":[{"embeddable":true,"href":"https:\/\/e-xact.de\/fr\/wp-json\/wp\/v2\/media\/4286"}],"wp:attachment":[{"href":"https:\/\/e-xact.de\/fr\/wp-json\/wp\/v2\/media?parent=4280"}],"wp:term":[{"taxonomy":"product_brand","embeddable":true,"href":"https:\/\/e-xact.de\/fr\/wp-json\/wp\/v2\/product_brand?post=4280"},{"taxonomy":"product_cat","embeddable":true,"href":"https:\/\/e-xact.de\/fr\/wp-json\/wp\/v2\/product_cat?post=4280"},{"taxonomy":"product_tag","embeddable":true,"href":"https:\/\/e-xact.de\/fr\/wp-json\/wp\/v2\/product_tag?post=4280"}],"curies":[{"name":"wp","href":"https:\/\/api.w.org\/{rel}","templated":true}]}}