{"id":4218,"date":"2022-11-10T12:25:59","date_gmt":"2022-08-15T14:59:58","guid":{"rendered":"https:\/\/e-xact.de\/?post_type=product&#038;p=4218"},"modified":"2023-02-28T09:26:23","modified_gmt":"2023-02-28T08:26:23","slug":"microfiber-mouse-pad","status":"publish","type":"product","link":"https:\/\/e-xact.de\/fr\/produit\/microfiber-mouse-pad\/","title":{"rendered":"Tapis de souris en microfibre"},"content":{"rendered":"<p>Nos lingettes microfibres deviennent un tapis de souris pratique lorsqu'elles sont \u00e9ventuellement pourvues de points en silicone au dos moyennant un suppl\u00e9ment. Ce tapis de souris pratique peut \u00e9galement \u00eatre utilis\u00e9 tr\u00e8s efficacement comme protection d'\u00e9cran pour ordinateur portable. En plus des formats classiques, tous les autres formats sont possibles. Les points en silicone peuvent \u00eatre appliqu\u00e9s en forme et en couleur selon le client. Impression qualit\u00e9 photo sur une face.<\/p>","protected":false},"excerpt":{"rendered":"<p>Our microfiber cloths become a practical Mouse Pad when optionally finished with silicone dots on the back for an additional charge. This practical Mouse Pad can also be used very well as a screen protector for the laptop. Besides the classic formats, all other formats are also possible. The silicone dots can be applied in [&hellip;]<\/p>\n","protected":false},"featured_media":4221,"template":"","meta":{"_et_pb_use_builder":"","_et_pb_old_content":"","_et_gb_content_width":""},"product_brand":[],"product_cat":[869],"product_tag":[1148,1083,1084,1085,1249],"class_list":{"0":"post-4218","1":"product","2":"type-product","3":"status-publish","4":"has-post-thumbnail","6":"product_cat-world-of-microfibers","7":"product_tag-computer-en","8":"product_tag-desk","9":"product_tag-gaming","10":"product_tag-homeoffice-en","11":"product_tag-mousepad-en","13":"first","14":"instock","15":"shipping-taxable","16":"product-type-simple"},"_links":{"self":[{"href":"https:\/\/e-xact.de\/fr\/wp-json\/wp\/v2\/product\/4218","targetHints":{"allow":["GET"]}}],"collection":[{"href":"https:\/\/e-xact.de\/fr\/wp-json\/wp\/v2\/product"}],"about":[{"href":"https:\/\/e-xact.de\/fr\/wp-json\/wp\/v2\/types\/product"}],"wp:featuredmedia":[{"embeddable":true,"href":"https:\/\/e-xact.de\/fr\/wp-json\/wp\/v2\/media\/4221"}],"wp:attachment":[{"href":"https:\/\/e-xact.de\/fr\/wp-json\/wp\/v2\/media?parent=4218"}],"wp:term":[{"taxonomy":"product_brand","embeddable":true,"href":"https:\/\/e-xact.de\/fr\/wp-json\/wp\/v2\/product_brand?post=4218"},{"taxonomy":"product_cat","embeddable":true,"href":"https:\/\/e-xact.de\/fr\/wp-json\/wp\/v2\/product_cat?post=4218"},{"taxonomy":"product_tag","embeddable":true,"href":"https:\/\/e-xact.de\/fr\/wp-json\/wp\/v2\/product_tag?post=4218"}],"curies":[{"name":"wp","href":"https:\/\/api.w.org\/{rel}","templated":true}]}}