{"id":4214,"date":"2022-11-10T12:16:19","date_gmt":"2022-08-15T14:56:19","guid":{"rendered":"https:\/\/e-xact.de\/?post_type=product&#038;p=4214"},"modified":"2023-03-03T13:06:47","modified_gmt":"2023-03-03T12:06:47","slug":"microfiber-winter-bandana","status":"publish","type":"product","link":"https:\/\/e-xact.de\/fr\/produit\/microfiber-winter-bandana\/","title":{"rendered":"Bandana d'hiver en microfibre"},"content":{"rendered":"<p>Le tour de cou d'hiver \/ foulard multifonctionnel e!xact est id\u00e9al pour la saison froide et les journ\u00e9es venteuses ! \u00c0 l'int\u00e9rieur se trouve une doublure douillette en polaire. Par ailleurs, notre tour de cou d'hiver est compos\u00e9 \u00e0 100% de microfibres et est sublim\u00e9 en qualit\u00e9 photo par impression num\u00e9rique. Un objet promotionnel int\u00e9ressant pour les amateurs de sports d'hiver et les randonneurs.<\/p>","protected":false},"excerpt":{"rendered":"<p>Le tour de cou d'hiver \/ foulard multifonctionnel e!xact est id\u00e9al pour la saison froide et les journ\u00e9es venteuses ! \u00c0 l'int\u00e9rieur se trouve une doublure douillette en polaire. Par ailleurs, notre tour de cou d'hiver est compos\u00e9 \u00e0 100% de microfibres et est sublim\u00e9 en qualit\u00e9 photo par impression num\u00e9rique. Un objet promotionnel int\u00e9ressant pour les amateurs de sports d'hiver et les randonneurs.<\/p>","protected":false},"featured_media":4217,"template":"","meta":{"_et_pb_use_builder":"","_et_pb_old_content":"","_et_gb_content_width":""},"product_brand":[],"product_cat":[869],"product_tag":[1246,1254,1256,1255,1253,1257,1248,1247,1252],"class_list":{"0":"post-4214","1":"product","2":"type-product","3":"status-publish","4":"has-post-thumbnail","6":"product_cat-world-of-microfibers","7":"product_tag-bandana-en-2","8":"product_tag-cold-en","9":"product_tag-corona-en-2","10":"product_tag-fleece-en-2","11":"product_tag-hat-en","12":"product_tag-mask","13":"product_tag-motorbike-rider","14":"product_tag-sunprotection","15":"product_tag-winter-en-2","17":"first","18":"instock","19":"shipping-taxable","20":"product-type-simple"},"_links":{"self":[{"href":"https:\/\/e-xact.de\/fr\/wp-json\/wp\/v2\/product\/4214","targetHints":{"allow":["GET"]}}],"collection":[{"href":"https:\/\/e-xact.de\/fr\/wp-json\/wp\/v2\/product"}],"about":[{"href":"https:\/\/e-xact.de\/fr\/wp-json\/wp\/v2\/types\/product"}],"wp:featuredmedia":[{"embeddable":true,"href":"https:\/\/e-xact.de\/fr\/wp-json\/wp\/v2\/media\/4217"}],"wp:attachment":[{"href":"https:\/\/e-xact.de\/fr\/wp-json\/wp\/v2\/media?parent=4214"}],"wp:term":[{"taxonomy":"product_brand","embeddable":true,"href":"https:\/\/e-xact.de\/fr\/wp-json\/wp\/v2\/product_brand?post=4214"},{"taxonomy":"product_cat","embeddable":true,"href":"https:\/\/e-xact.de\/fr\/wp-json\/wp\/v2\/product_cat?post=4214"},{"taxonomy":"product_tag","embeddable":true,"href":"https:\/\/e-xact.de\/fr\/wp-json\/wp\/v2\/product_tag?post=4214"}],"curies":[{"name":"wp","href":"https:\/\/api.w.org\/{rel}","templated":true}]}}