{"id":4210,"date":"2022-08-15T16:51:05","date_gmt":"2022-08-15T14:51:05","guid":{"rendered":"https:\/\/e-xact.de\/?post_type=product&#038;p=4210"},"modified":"2025-12-04T13:50:16","modified_gmt":"2025-12-04T12:50:16","slug":"rucksack","status":"publish","type":"product","link":"https:\/\/e-xact.de\/fr\/produit\/rucksack\/","title":{"rendered":"Sac \u00e0 dos"},"content":{"rendered":"<p>Le nouveau sac \u00e0 dos classique de e!xact \u2013 pour les d\u00e9placements rapides avec peu de bagages \u2013 confortable, l\u00e9ger et toujours avec vous. Il est hydrofuge et \u00e9cologique gr\u00e2ce \u00e0 sa durabilit\u00e9.<\/p>","protected":false},"excerpt":{"rendered":"<p>Le nouveau sac \u00e0 dos classique de e!xact \u2013 pour les d\u00e9placements rapides avec peu de bagages \u2013 confortable, l\u00e9ger et toujours avec vous. Il est hydrofuge et \u00e9cologique gr\u00e2ce \u00e0 sa durabilit\u00e9.<\/p>","protected":false},"featured_media":4212,"template":"","meta":{"_et_pb_use_builder":"","_et_pb_old_content":"","_et_gb_content_width":""},"product_brand":[],"product_cat":[209],"product_tag":[966,964,967,968,962,965,694,963,969],"class_list":{"0":"post-4210","1":"product","2":"type-product","3":"status-publish","4":"has-post-thumbnail","6":"product_cat-werbewelt","7":"product_tag-aufbewahren","8":"product_tag-eventartikel","9":"product_tag-fuer-unterweg","10":"product_tag-praktisch","11":"product_tag-rucksack","12":"product_tag-sack","13":"product_tag-tasche","14":"product_tag-transport","15":"product_tag-wasserabweisend","17":"first","18":"instock","19":"shipping-taxable","20":"product-type-simple"},"_links":{"self":[{"href":"https:\/\/e-xact.de\/fr\/wp-json\/wp\/v2\/product\/4210","targetHints":{"allow":["GET"]}}],"collection":[{"href":"https:\/\/e-xact.de\/fr\/wp-json\/wp\/v2\/product"}],"about":[{"href":"https:\/\/e-xact.de\/fr\/wp-json\/wp\/v2\/types\/product"}],"wp:featuredmedia":[{"embeddable":true,"href":"https:\/\/e-xact.de\/fr\/wp-json\/wp\/v2\/media\/4212"}],"wp:attachment":[{"href":"https:\/\/e-xact.de\/fr\/wp-json\/wp\/v2\/media?parent=4210"}],"wp:term":[{"taxonomy":"product_brand","embeddable":true,"href":"https:\/\/e-xact.de\/fr\/wp-json\/wp\/v2\/product_brand?post=4210"},{"taxonomy":"product_cat","embeddable":true,"href":"https:\/\/e-xact.de\/fr\/wp-json\/wp\/v2\/product_cat?post=4210"},{"taxonomy":"product_tag","embeddable":true,"href":"https:\/\/e-xact.de\/fr\/wp-json\/wp\/v2\/product_tag?post=4210"}],"curies":[{"name":"wp","href":"https:\/\/api.w.org\/{rel}","templated":true}]}}