{"id":4162,"date":"2022-11-10T10:13:08","date_gmt":"2022-07-07T15:29:09","guid":{"rendered":"https:\/\/e-xact.de\/?post_type=product&#038;p=4162"},"modified":"2023-02-28T09:16:42","modified_gmt":"2023-02-28T08:16:42","slug":"exact-twist-cube-the-classic-4x4-60-mm-kopie-kopie","status":"publish","type":"product","link":"https:\/\/e-xact.de\/fr\/produit\/exact-twist-cube-the-classic-4x4-60-mm-kopie-kopie\/","title":{"rendered":"Cube magn\u00e9tique e!xact"},"content":{"rendered":"<p>Notre nouveau puzzle 3D complexe et magn\u00e9tique. Un nouveau jeu et cube artistique dans lequel 36 aimants permettent de repr\u00e9senter plus de 70 figures diff\u00e9rentes. Notre cube magn\u00e9tique fidget est un excellent article promotionnel de stimulation sensorielle pour tous les \u00e2ges. \u00c0 chaque clic, l'effet th\u00e9rapeutique de notre bo\u00eete \u00e0 puzzle transformable apaise le stress et les nerfs : que ce soit pour les enfants ou les adultes, votre jouet anti-stress pour soulager le stress, passer le temps, se d\u00e9tendre ou s'occuper et bien s\u00fbr quand l'ennui pointe. Il renforce la capacit\u00e9 de concentration et d'attention et favorise les comp\u00e9tences cognitives et les aptitudes. L'impression est bien s\u00fbr, comme d'habitude chez e!xact, en qualit\u00e9 photo.<\/p>","protected":false},"excerpt":{"rendered":"<p>Our new complex and magnetic 3D puzzle. A new game and art cube in which 36 magnets allow over 70 different figures to be represented. Our fidget magnetic cube is a great sensory stimulation promotional item for all ages. With every click, the therapeutic effect of our shape-changing puzzle box soothes stress and nerves: whether [&hellip;]<\/p>\n","protected":false},"featured_media":4164,"template":"","meta":{"_et_pb_use_builder":"","_et_pb_old_content":"","_et_gb_content_width":""},"product_brand":[],"product_cat":[871],"product_tag":[1202,1206,1038,1183,1036,1182,1043,1040,1039,1181,1184,1177],"class_list":{"0":"post-4162","1":"product","2":"type-product","3":"status-publish","4":"has-post-thumbnail","6":"product_cat-world-of-cubes","7":"product_tag-complex-en","8":"product_tag-creativity-en","9":"product_tag-cube-en","10":"product_tag-magic-en","11":"product_tag-magic-cube-en","12":"product_tag-magic-cube-en-2","13":"product_tag-puzzle-en","14":"product_tag-rubik-en","15":"product_tag-rubiks-en","16":"product_tag-toy-en","17":"product_tag-toys-en","18":"product_tag-wuerfel-en","20":"first","21":"instock","22":"shipping-taxable","23":"product-type-simple"},"_links":{"self":[{"href":"https:\/\/e-xact.de\/fr\/wp-json\/wp\/v2\/product\/4162","targetHints":{"allow":["GET"]}}],"collection":[{"href":"https:\/\/e-xact.de\/fr\/wp-json\/wp\/v2\/product"}],"about":[{"href":"https:\/\/e-xact.de\/fr\/wp-json\/wp\/v2\/types\/product"}],"wp:featuredmedia":[{"embeddable":true,"href":"https:\/\/e-xact.de\/fr\/wp-json\/wp\/v2\/media\/4164"}],"wp:attachment":[{"href":"https:\/\/e-xact.de\/fr\/wp-json\/wp\/v2\/media?parent=4162"}],"wp:term":[{"taxonomy":"product_brand","embeddable":true,"href":"https:\/\/e-xact.de\/fr\/wp-json\/wp\/v2\/product_brand?post=4162"},{"taxonomy":"product_cat","embeddable":true,"href":"https:\/\/e-xact.de\/fr\/wp-json\/wp\/v2\/product_cat?post=4162"},{"taxonomy":"product_tag","embeddable":true,"href":"https:\/\/e-xact.de\/fr\/wp-json\/wp\/v2\/product_tag?post=4162"}],"curies":[{"name":"wp","href":"https:\/\/api.w.org\/{rel}","templated":true}]}}