{"id":4161,"date":"2022-11-10T10:13:08","date_gmt":"2022-11-10T09:13:08","guid":{"rendered":"https:\/\/e-xact.de\/?post_type=product&#038;p=4161"},"modified":"2025-12-18T15:07:14","modified_gmt":"2025-12-18T14:07:14","slug":"exact-magnetic-wuerfel","status":"publish","type":"product","link":"https:\/\/e-xact.de\/fr\/produit\/exact-magnetic-wuerfel\/","title":{"rendered":"e!xact Magnetic Cube"},"content":{"rendered":"<p>Le Magnetic Cube est un fidget toy magn\u00e9tique compos\u00e9 de 36 aimants individuels qui se transforment en une infinit\u00e9 de formes diff\u00e9rentes. Chaque fois que tu tiens le cube dans ta main, tu es surpris par ses propri\u00e9t\u00e9s mall\u00e9ables et flexibles. Il peut \u00eatre tourn\u00e9, tir\u00e9, pli\u00e9 et courb\u00e9 pour former diff\u00e9rentes structures g\u00e9om\u00e9triques qui sont aussi captivantes visuellement que tactilement. En set de 2 ou 3, il permet de r\u00e9aliser de petites sculptures.<\/p>","protected":false},"excerpt":{"rendered":"<p>Der Magnetic W\u00fcrfel ist ein magnetisches Fidget Toy, das aus 36 einzelnen Magneten besteht und sich in unendlich viele verschiedene Formen transformieren l\u00e4sst. Jedes Mal, wenn du den W\u00fcrfel in der Hand h\u00e4ltst, wirst du von seinen formbaren und flexiblen Eigenschaften \u00fcberrascht. Er l\u00e4sst sich drehen, ziehen, falten und biegen, um verschiedene geometrische Strukturen zu [&hellip;]<\/p>\n","protected":false},"featured_media":4163,"template":"","meta":{"_et_pb_use_builder":"","_et_pb_old_content":"","_et_gb_content_width":""},"product_brand":[],"product_cat":[207],"product_tag":[719,733,737,725,635,721,720,1416,727,656,650,723,718],"class_list":{"0":"post-4161","1":"product","2":"type-product","3":"status-publish","4":"has-post-thumbnail","6":"product_cat-wuerfelwelt","7":"product_tag-cube","8":"product_tag-komplex","9":"product_tag-kreativitaet","10":"product_tag-magic-cube","11":"product_tag-puzzle","12":"product_tag-rubik","13":"product_tag-rubiks","14":"product_tag-shashibo","15":"product_tag-spielsachen","16":"product_tag-spielzeug","17":"product_tag-wuerfel","18":"product_tag-zauber","19":"product_tag-zauberwuerfel","21":"first","22":"instock","23":"shipping-taxable","24":"product-type-simple"},"_links":{"self":[{"href":"https:\/\/e-xact.de\/fr\/wp-json\/wp\/v2\/product\/4161","targetHints":{"allow":["GET"]}}],"collection":[{"href":"https:\/\/e-xact.de\/fr\/wp-json\/wp\/v2\/product"}],"about":[{"href":"https:\/\/e-xact.de\/fr\/wp-json\/wp\/v2\/types\/product"}],"wp:featuredmedia":[{"embeddable":true,"href":"https:\/\/e-xact.de\/fr\/wp-json\/wp\/v2\/media\/4163"}],"wp:attachment":[{"href":"https:\/\/e-xact.de\/fr\/wp-json\/wp\/v2\/media?parent=4161"}],"wp:term":[{"taxonomy":"product_brand","embeddable":true,"href":"https:\/\/e-xact.de\/fr\/wp-json\/wp\/v2\/product_brand?post=4161"},{"taxonomy":"product_cat","embeddable":true,"href":"https:\/\/e-xact.de\/fr\/wp-json\/wp\/v2\/product_cat?post=4161"},{"taxonomy":"product_tag","embeddable":true,"href":"https:\/\/e-xact.de\/fr\/wp-json\/wp\/v2\/product_tag?post=4161"}],"curies":[{"name":"wp","href":"https:\/\/api.w.org\/{rel}","templated":true}]}}