{"id":4156,"date":"2022-11-10T10:10:45","date_gmt":"2022-07-07T15:19:47","guid":{"rendered":"https:\/\/e-xact.de\/?post_type=product&#038;p=4156"},"modified":"2023-02-28T09:17:22","modified_gmt":"2023-02-28T08:17:22","slug":"exact-twist-cube-the-classic-4x4-60-mm-kopie","status":"publish","type":"product","link":"https:\/\/e-xact.de\/fr\/produit\/exact-twist-cube-the-classic-4x4-60-mm-kopie\/","title":{"rendered":"Cube miroir exact"},"content":{"rendered":"<p>Notre cube \u00e0 film miroir impressionne par sa rotation fluide en diagonale. Notre Mirror Cube a 9 champs, comme le e!xact twisted Cube, mais ceux-ci sont divis\u00e9s en parties \u00e0 4 coins et \u00e0 3 coins, ce qui en fait un v\u00e9ritable d\u00e9fi, m\u00eame pour les experts du e!xact twisted Cube. Essayez-le par vous-m\u00eame et laissez-vous inspirer par ses nouvelles formes et possibilit\u00e9s. L'impression est bien s\u00fbr, comme d'habitude chez e!xact, en qualit\u00e9 photo ou en variante standard avec film miroir !<\/p>","protected":false},"excerpt":{"rendered":"<p>Our cube with mirror foil impresses with its smooth rotation in the diagonal. Our Mirror Cube has 9 fields, like the e!xact twisted Cube, but these are divided into 4-cornered and 3-cornered parts, making it a real challenge even for the e!xact twisted Cube experts. Try it for yourself and let yourself be inspired by [&hellip;]<\/p>\n","protected":false},"featured_media":4158,"template":"","meta":{"_et_pb_use_builder":"","_et_pb_old_content":"","_et_gb_content_width":""},"product_brand":[],"product_cat":[871],"product_tag":[1202,1200,1206,1038,1205,1203,1183,1182,1179,1043,1180,1042,1040,1039,1041,1201,1181,1204,1177],"class_list":{"0":"post-4156","1":"product","2":"type-product","3":"status-publish","4":"has-post-thumbnail","6":"product_cat-world-of-cubes","7":"product_tag-complex-en","8":"product_tag-complex-solution","9":"product_tag-creativity-en","10":"product_tag-cube-en","11":"product_tag-difficult-to-solve-en","12":"product_tag-genie-en","13":"product_tag-magic-en","14":"product_tag-magic-cube-en-2","15":"product_tag-patience-en","16":"product_tag-puzzle-en","17":"product_tag-rotating-cube-en","18":"product_tag-rubick-en","19":"product_tag-rubik-en","20":"product_tag-rubiks-en","21":"product_tag-rubix-en","22":"product_tag-solution-en","23":"product_tag-toy-en","24":"product_tag-unsolveable","25":"product_tag-wuerfel-en","27":"first","28":"instock","29":"shipping-taxable","30":"product-type-simple"},"_links":{"self":[{"href":"https:\/\/e-xact.de\/fr\/wp-json\/wp\/v2\/product\/4156","targetHints":{"allow":["GET"]}}],"collection":[{"href":"https:\/\/e-xact.de\/fr\/wp-json\/wp\/v2\/product"}],"about":[{"href":"https:\/\/e-xact.de\/fr\/wp-json\/wp\/v2\/types\/product"}],"wp:featuredmedia":[{"embeddable":true,"href":"https:\/\/e-xact.de\/fr\/wp-json\/wp\/v2\/media\/4158"}],"wp:attachment":[{"href":"https:\/\/e-xact.de\/fr\/wp-json\/wp\/v2\/media?parent=4156"}],"wp:term":[{"taxonomy":"product_brand","embeddable":true,"href":"https:\/\/e-xact.de\/fr\/wp-json\/wp\/v2\/product_brand?post=4156"},{"taxonomy":"product_cat","embeddable":true,"href":"https:\/\/e-xact.de\/fr\/wp-json\/wp\/v2\/product_cat?post=4156"},{"taxonomy":"product_tag","embeddable":true,"href":"https:\/\/e-xact.de\/fr\/wp-json\/wp\/v2\/product_tag?post=4156"}],"curies":[{"name":"wp","href":"https:\/\/api.w.org\/{rel}","templated":true}]}}