{"id":4155,"date":"2022-11-10T10:10:45","date_gmt":"2022-11-10T09:10:45","guid":{"rendered":"https:\/\/e-xact.de\/?post_type=product&#038;p=4155"},"modified":"2025-12-10T15:58:55","modified_gmt":"2025-12-10T14:58:55","slug":"exact-mirror-wuerfel","status":"publish","type":"product","link":"https:\/\/e-xact.de\/fr\/produit\/exact-mirror-wuerfel\/","title":{"rendered":"e!xact cube magique Mirror"},"content":{"rendered":"<p>Cube magique Mirror - le puzzle pour les vrais professionnels ! Contrairement au cube classique, ce ne sont pas les couleurs qui comptent ici, mais les formes des diff\u00e9rents \u00e9l\u00e9ments. Chaque segment se refl\u00e8te et change de forme d\u00e8s que le cube est tourn\u00e9 - pour un plaisir suppl\u00e9mentaire du casse-t\u00eate et des effets \u00e9tonnants. Bien entendu, le design du client est \u00e9galement possible !<\/p>","protected":false},"excerpt":{"rendered":"<p>Cube magique Mirror - le puzzle pour les vrais professionnels ! Contrairement au cube classique, ce ne sont pas les couleurs qui comptent ici, mais les formes des diff\u00e9rents \u00e9l\u00e9ments. Chaque segment se refl\u00e8te et change de forme d\u00e8s que le cube est tourn\u00e9 - pour un plaisir suppl\u00e9mentaire du casse-t\u00eate et des effets \u00e9tonnants. Bien entendu, le design du client est \u00e9galement possible !<\/p>","protected":false},"featured_media":4157,"template":"","meta":{"_et_pb_use_builder":"","_et_pb_old_content":"","_et_gb_content_width":""},"product_brand":[],"product_cat":[207],"product_tag":[719,726,567,734,731,733,737,732,635,724,721,720,722,736,656,735,650,723,718],"class_list":{"0":"post-4155","1":"product","2":"type-product","3":"status-publish","4":"has-post-thumbnail","6":"product_cat-wuerfelwelt","7":"product_tag-cube","8":"product_tag-drehwuerfel","9":"product_tag-geduld","10":"product_tag-genie","11":"product_tag-komlpexe-loesung","12":"product_tag-komplex","13":"product_tag-kreativitaet","14":"product_tag-loesung","15":"product_tag-puzzle","16":"product_tag-rubick","17":"product_tag-rubik","18":"product_tag-rubiks","19":"product_tag-rubix","20":"product_tag-schwer-loesbar","21":"product_tag-spielzeug","22":"product_tag-unloesbar","23":"product_tag-wuerfel","24":"product_tag-zauber","25":"product_tag-zauberwuerfel","27":"first","28":"instock","29":"shipping-taxable","30":"product-type-simple"},"_links":{"self":[{"href":"https:\/\/e-xact.de\/fr\/wp-json\/wp\/v2\/product\/4155","targetHints":{"allow":["GET"]}}],"collection":[{"href":"https:\/\/e-xact.de\/fr\/wp-json\/wp\/v2\/product"}],"about":[{"href":"https:\/\/e-xact.de\/fr\/wp-json\/wp\/v2\/types\/product"}],"wp:featuredmedia":[{"embeddable":true,"href":"https:\/\/e-xact.de\/fr\/wp-json\/wp\/v2\/media\/4157"}],"wp:attachment":[{"href":"https:\/\/e-xact.de\/fr\/wp-json\/wp\/v2\/media?parent=4155"}],"wp:term":[{"taxonomy":"product_brand","embeddable":true,"href":"https:\/\/e-xact.de\/fr\/wp-json\/wp\/v2\/product_brand?post=4155"},{"taxonomy":"product_cat","embeddable":true,"href":"https:\/\/e-xact.de\/fr\/wp-json\/wp\/v2\/product_cat?post=4155"},{"taxonomy":"product_tag","embeddable":true,"href":"https:\/\/e-xact.de\/fr\/wp-json\/wp\/v2\/product_tag?post=4155"}],"curies":[{"name":"wp","href":"https:\/\/api.w.org\/{rel}","templated":true}]}}