{"id":3985,"date":"2022-01-28T16:30:42","date_gmt":"2022-01-28T15:30:42","guid":{"rendered":"https:\/\/e-xact.de\/produkt\/keymaze\/"},"modified":"2023-07-06T13:48:04","modified_gmt":"2023-07-06T11:48:04","slug":"keymaze","status":"publish","type":"product","link":"https:\/\/e-xact.de\/fr\/produit\/keymaze\/","title":{"rendered":"Keymaze"},"content":{"rendered":"<p>Le jeu d'adresse ! Le disque doit \u00eatre amen\u00e9 \u00e0 travers le labyrinthe de cl\u00e9s jusqu'en haut. Le jeu est id\u00e9al comme cadeau promotionnel dans la zone des cadeaux. Couleur standard noire avec disque blanc. Autres couleurs unies ou translucides approximatives Pantone \u00e0 partir de 10\u00a0000 pi\u00e8ces. La forme standard du disque de labyrinthe est ronde. Autres formes possibles sur demande.<\/p>","protected":false},"excerpt":{"rendered":"<p>The game of skill! The disc must be brought through the key maze to the top. The game is ideal as a giveaway in the giveaway area. Standard color black with white disc. Other solid colors or translucent color approximate Pantone from 10,000 pieces. The standard shape of the labyrinth disc is round. Other shapes [&hellip;]<\/p>\n","protected":false},"featured_media":4761,"template":"","meta":{"_et_pb_use_builder":"","_et_pb_old_content":"","_et_gb_content_width":""},"product_brand":[],"product_cat":[1309],"product_tag":[1294,1179,1043,1181],"class_list":{"0":"post-3985","1":"product","2":"type-product","3":"status-publish","4":"has-post-thumbnail","6":"product_cat-world-of-puzzles","7":"product_tag-mailing-en-2","8":"product_tag-patience-en","9":"product_tag-puzzle-en","10":"product_tag-toy-en","12":"first","13":"instock","14":"shipping-taxable","15":"product-type-simple"},"_links":{"self":[{"href":"https:\/\/e-xact.de\/fr\/wp-json\/wp\/v2\/product\/3985","targetHints":{"allow":["GET"]}}],"collection":[{"href":"https:\/\/e-xact.de\/fr\/wp-json\/wp\/v2\/product"}],"about":[{"href":"https:\/\/e-xact.de\/fr\/wp-json\/wp\/v2\/types\/product"}],"wp:featuredmedia":[{"embeddable":true,"href":"https:\/\/e-xact.de\/fr\/wp-json\/wp\/v2\/media\/4761"}],"wp:attachment":[{"href":"https:\/\/e-xact.de\/fr\/wp-json\/wp\/v2\/media?parent=3985"}],"wp:term":[{"taxonomy":"product_brand","embeddable":true,"href":"https:\/\/e-xact.de\/fr\/wp-json\/wp\/v2\/product_brand?post=3985"},{"taxonomy":"product_cat","embeddable":true,"href":"https:\/\/e-xact.de\/fr\/wp-json\/wp\/v2\/product_cat?post=3985"},{"taxonomy":"product_tag","embeddable":true,"href":"https:\/\/e-xact.de\/fr\/wp-json\/wp\/v2\/product_tag?post=3985"}],"curies":[{"name":"wp","href":"https:\/\/api.w.org\/{rel}","templated":true}]}}