{"id":3941,"date":"2022-11-10T12:40:48","date_gmt":"2022-01-28T15:35:48","guid":{"rendered":"https:\/\/e-xact.de\/produkt\/microfiber-magic-bag\/"},"modified":"2023-03-01T10:52:47","modified_gmt":"2023-03-01T09:52:47","slug":"microfiber-magic-bag","status":"publish","type":"product","link":"https:\/\/e-xact.de\/fr\/produit\/microfiber-magic-bag\/","title":{"rendered":"Sac magique en microfibre"},"content":{"rendered":"<p>Le compagnon id\u00e9al des porteurs de lunettes et des sportifs amateurs ! La pochette magique super-small microfibre avec linge de nettoyage des lunettes et mousqueton est disponible en deux tailles ! Alternativement, le snap hook peut \u00e9galement \u00eatre remplac\u00e9 par une prise en caoutchouc pour la fixation \u00e0 un smartphone ou une tablette. Le chiffon de nettoyage des verres est fix\u00e9 \u00e0 l'int\u00e9rieur du sac magique et peut \u00eatre rang\u00e9 dans le sac en microfibre si n\u00e9cessaire. Vous pouvez ensuite remonter le chiffon de nettoyage des verres d'un simple mouvement de va-et-vient.<\/p>","protected":false},"excerpt":{"rendered":"<p>The ideal companion for spectacle wearers and recreational athletes! The super-small microfibre magic pouch incl. glasses cleaning cloth and carabiner is available in two sizes! Alternatively, the snap hook can also be replaced with a rubber plug for attaching to a smartphone or tablet. The glasses cleaning cloth is attached inside the magic bag and [&hellip;]<\/p>\n","protected":false},"featured_media":3942,"template":"","meta":{"_et_pb_use_builder":"","_et_pb_old_content":"","_et_gb_content_width":""},"product_brand":[],"product_cat":[869],"product_tag":[1087,1234,1082,1235,1088,1086],"class_list":{"0":"post-3941","1":"product","2":"type-product","3":"status-publish","4":"has-post-thumbnail","6":"product_cat-world-of-microfibers","7":"product_tag-camera","8":"product_tag-glasses-cleaning-cloth","9":"product_tag-lens","10":"product_tag-mirco-fiber","11":"product_tag-mircofiber","12":"product_tag-mobilphone","14":"first","15":"instock","16":"shipping-taxable","17":"product-type-simple"},"_links":{"self":[{"href":"https:\/\/e-xact.de\/fr\/wp-json\/wp\/v2\/product\/3941","targetHints":{"allow":["GET"]}}],"collection":[{"href":"https:\/\/e-xact.de\/fr\/wp-json\/wp\/v2\/product"}],"about":[{"href":"https:\/\/e-xact.de\/fr\/wp-json\/wp\/v2\/types\/product"}],"wp:featuredmedia":[{"embeddable":true,"href":"https:\/\/e-xact.de\/fr\/wp-json\/wp\/v2\/media\/3942"}],"wp:attachment":[{"href":"https:\/\/e-xact.de\/fr\/wp-json\/wp\/v2\/media?parent=3941"}],"wp:term":[{"taxonomy":"product_brand","embeddable":true,"href":"https:\/\/e-xact.de\/fr\/wp-json\/wp\/v2\/product_brand?post=3941"},{"taxonomy":"product_cat","embeddable":true,"href":"https:\/\/e-xact.de\/fr\/wp-json\/wp\/v2\/product_cat?post=3941"},{"taxonomy":"product_tag","embeddable":true,"href":"https:\/\/e-xact.de\/fr\/wp-json\/wp\/v2\/product_tag?post=3941"}],"curies":[{"name":"wp","href":"https:\/\/api.w.org\/{rel}","templated":true}]}}