{"id":3939,"date":"2022-11-10T11:35:53","date_gmt":"2022-01-28T15:35:53","guid":{"rendered":"https:\/\/e-xact.de\/produkt\/microfiber-cloth-double-sided\/"},"modified":"2023-03-03T13:19:14","modified_gmt":"2023-03-03T12:19:14","slug":"microfiber-cloth-double-sided","status":"publish","type":"product","link":"https:\/\/e-xact.de\/fr\/produit\/microfiber-cloth-double-sided\/","title":{"rendered":"Microfiber cloth double-sided &#8211;"},"content":{"rendered":"<p>Chiffon de nettoyage pour tablettes, smartphones, \u00e9crans et surfaces lisses de toutes sortes. Le chiffon microfibre double face de ce cadeau promotionnel poss\u00e8de une surface microfibre \u00e0 l'avant pour la publicit\u00e9 et une surface microfibre particuli\u00e8rement douce \u00e0 l'arri\u00e8re pour un nettoyage sans traces. La couture sur les c\u00f4t\u00e9s ext\u00e9rieurs relie les deux faces. Disponible en tant qu'article promotionnel dans tous les formats et tailles, et avec double usage. Pour les d\u00e9placements, ce chiffon microfibre est \u00e9galement disponible dans un mini-sac. Dans ce cas, le chiffon microfibre double face est cousu dans la poche. Il peut y \u00eatre stock\u00e9 et ressorti au besoin. L'avant de cet article promotionnel est imprim\u00e9 en impression num\u00e9rique pleine surface en qualit\u00e9 photographique.<\/p>","protected":false},"excerpt":{"rendered":"<p>Cleaning cloth for tablets, smartphones, displays and smooth surfaces of all kinds. The double-sided microfibre cloth of this promotional gift has a microfibre surface on the front for advertising and a particularly soft microfibre surface on the back for cleaning for streak-free vision. The seam on the outer sides connects both sides. Available as a [&hellip;]<\/p>\n","protected":false},"featured_media":3940,"template":"","meta":{"_et_pb_use_builder":"","_et_pb_old_content":"","_et_gb_content_width":""},"product_brand":[],"product_cat":[869],"product_tag":[1277,1234,1235],"class_list":{"0":"post-3939","1":"product","2":"type-product","3":"status-publish","4":"has-post-thumbnail","6":"product_cat-world-of-microfibers","7":"product_tag-cleaning-cloth-en","8":"product_tag-glasses-cleaning-cloth","9":"product_tag-mirco-fiber","11":"first","12":"instock","13":"shipping-taxable","14":"product-type-simple"},"_links":{"self":[{"href":"https:\/\/e-xact.de\/fr\/wp-json\/wp\/v2\/product\/3939","targetHints":{"allow":["GET"]}}],"collection":[{"href":"https:\/\/e-xact.de\/fr\/wp-json\/wp\/v2\/product"}],"about":[{"href":"https:\/\/e-xact.de\/fr\/wp-json\/wp\/v2\/types\/product"}],"wp:featuredmedia":[{"embeddable":true,"href":"https:\/\/e-xact.de\/fr\/wp-json\/wp\/v2\/media\/3940"}],"wp:attachment":[{"href":"https:\/\/e-xact.de\/fr\/wp-json\/wp\/v2\/media?parent=3939"}],"wp:term":[{"taxonomy":"product_brand","embeddable":true,"href":"https:\/\/e-xact.de\/fr\/wp-json\/wp\/v2\/product_brand?post=3939"},{"taxonomy":"product_cat","embeddable":true,"href":"https:\/\/e-xact.de\/fr\/wp-json\/wp\/v2\/product_cat?post=3939"},{"taxonomy":"product_tag","embeddable":true,"href":"https:\/\/e-xact.de\/fr\/wp-json\/wp\/v2\/product_tag?post=3939"}],"curies":[{"name":"wp","href":"https:\/\/api.w.org\/{rel}","templated":true}]}}