{"id":3937,"date":"2022-11-10T12:30:58","date_gmt":"2022-01-28T15:35:58","guid":{"rendered":"https:\/\/e-xact.de\/produkt\/microfiber-cloth\/"},"modified":"2023-03-01T15:31:50","modified_gmt":"2023-03-01T14:31:50","slug":"microfiber-cloth","status":"publish","type":"product","link":"https:\/\/e-xact.de\/fr\/produit\/microfiber-cloth\/","title":{"rendered":"Chiffon microfibre"},"content":{"rendered":"<p>Le chiffon microfibre est fabriqu\u00e9 en Cor\u00e9e de haute qualit\u00e9 avec TM260g et constitue donc un cadeau promotionnel id\u00e9al pour les d\u00e9placements, qui peut \u00e9galement \u00eatre envoy\u00e9 par la poste \u00e0 faible co\u00fbt. Id\u00e9al comme chiffon de nettoyage pour les lunettes, les t\u00e9l\u00e9phones portables, les bijoux, comme insert pour les ordinateurs portables, comme chiffon de nettoyage pour les \u00e9crans d'ordinateur, les \u00e9crans de toutes sortes, et plus encore. Disponible comme article promotionnel dans tous les formats et tailles. Le chiffon microfibre est imprim\u00e9 num\u00e9riquement en qualit\u00e9 photo. Optionnellement avec des points de silicone \u00e0 l'arri\u00e8re moyennant un suppl\u00e9ment ! Ceux-ci offrent une meilleure adh\u00e9rence lors de la manipulation et servent de tapis de souris sur le bureau ou de protecteur d'\u00e9cran pour ordinateur portable.<\/p>","protected":false},"excerpt":{"rendered":"<p>The microfiber cloth is made of high quality Korean with TM260g and therefore a promotional gift for on the go, which can also be ideally sent as a mailing at low postage costs. Ideal as a cleaning cloth for glasses, mobile phones, jewellery, as an insert for laptops, cleaning cloth for computer displays, displays of [&hellip;]<\/p>\n","protected":false},"featured_media":3938,"template":"","meta":{"_et_pb_use_builder":"","_et_pb_old_content":"","_et_gb_content_width":""},"product_brand":[],"product_cat":[869],"product_tag":[1234,1235],"class_list":{"0":"post-3937","1":"product","2":"type-product","3":"status-publish","4":"has-post-thumbnail","6":"product_cat-world-of-microfibers","7":"product_tag-glasses-cleaning-cloth","8":"product_tag-mirco-fiber","10":"first","11":"instock","12":"shipping-taxable","13":"product-type-simple"},"_links":{"self":[{"href":"https:\/\/e-xact.de\/fr\/wp-json\/wp\/v2\/product\/3937","targetHints":{"allow":["GET"]}}],"collection":[{"href":"https:\/\/e-xact.de\/fr\/wp-json\/wp\/v2\/product"}],"about":[{"href":"https:\/\/e-xact.de\/fr\/wp-json\/wp\/v2\/types\/product"}],"wp:featuredmedia":[{"embeddable":true,"href":"https:\/\/e-xact.de\/fr\/wp-json\/wp\/v2\/media\/3938"}],"wp:attachment":[{"href":"https:\/\/e-xact.de\/fr\/wp-json\/wp\/v2\/media?parent=3937"}],"wp:term":[{"taxonomy":"product_brand","embeddable":true,"href":"https:\/\/e-xact.de\/fr\/wp-json\/wp\/v2\/product_brand?post=3937"},{"taxonomy":"product_cat","embeddable":true,"href":"https:\/\/e-xact.de\/fr\/wp-json\/wp\/v2\/product_cat?post=3937"},{"taxonomy":"product_tag","embeddable":true,"href":"https:\/\/e-xact.de\/fr\/wp-json\/wp\/v2\/product_tag?post=3937"}],"curies":[{"name":"wp","href":"https:\/\/api.w.org\/{rel}","templated":true}]}}