{"id":3933,"date":"2022-11-10T11:15:24","date_gmt":"2022-01-28T15:36:24","guid":{"rendered":"https:\/\/e-xact.de\/produkt\/t-shirt-microfiber-bag\/"},"modified":"2023-02-28T09:41:13","modified_gmt":"2023-02-28T08:41:13","slug":"t-shirt-microfiber-bag","status":"publish","type":"product","link":"https:\/\/e-xact.de\/fr\/produit\/t-shirt-microfiber-bag\/","title":{"rendered":"Sac en microfibre T-shirt"},"content":{"rendered":"<p>Le sac T-shirt en microfibre est aussi un bon endroit pour ranger votre smartphone ou appareil photo num\u00e9rique. Il se ferme par zip et peut \u00eatre accroch\u00e9 \u00e0 une passants de ceinture, un sac \u00e0 dos ou un sac gr\u00e2ce \u00e0 un mousqueton. Sa forme le rend id\u00e9al pour les promotions sportives. Impression qualit\u00e9 photo aussi sur tout l'ext\u00e9rieur.<\/p>","protected":false},"excerpt":{"rendered":"<p>Le sac T-shirt en microfibre est aussi un bon endroit pour ranger votre smartphone ou appareil photo num\u00e9rique. Il se ferme par zip et peut \u00eatre accroch\u00e9 \u00e0 une passants de ceinture, un sac \u00e0 dos ou un sac gr\u00e2ce \u00e0 un mousqueton. Sa forme le rend id\u00e9al pour les promotions sportives. Impression qualit\u00e9 photo aussi sur tout l'ext\u00e9rieur.<\/p>","protected":false},"featured_media":3934,"template":"","meta":{"_et_pb_use_builder":"","_et_pb_old_content":"","_et_gb_content_width":""},"product_brand":[],"product_cat":[869],"product_tag":[1111,1110,1122,1109,1108,1104,1112],"class_list":{"0":"post-3933","1":"product","2":"type-product","3":"status-publish","4":"has-post-thumbnail","6":"product_cat-world-of-microfibers","7":"product_tag-basketball-en","8":"product_tag-handball-en","9":"product_tag-handy-en","10":"product_tag-phablet-en","11":"product_tag-smartphone-en","12":"product_tag-tablet-en","13":"product_tag-volleyball-en","15":"first","16":"instock","17":"shipping-taxable","18":"product-type-simple"},"_links":{"self":[{"href":"https:\/\/e-xact.de\/fr\/wp-json\/wp\/v2\/product\/3933","targetHints":{"allow":["GET"]}}],"collection":[{"href":"https:\/\/e-xact.de\/fr\/wp-json\/wp\/v2\/product"}],"about":[{"href":"https:\/\/e-xact.de\/fr\/wp-json\/wp\/v2\/types\/product"}],"wp:featuredmedia":[{"embeddable":true,"href":"https:\/\/e-xact.de\/fr\/wp-json\/wp\/v2\/media\/3934"}],"wp:attachment":[{"href":"https:\/\/e-xact.de\/fr\/wp-json\/wp\/v2\/media?parent=3933"}],"wp:term":[{"taxonomy":"product_brand","embeddable":true,"href":"https:\/\/e-xact.de\/fr\/wp-json\/wp\/v2\/product_brand?post=3933"},{"taxonomy":"product_cat","embeddable":true,"href":"https:\/\/e-xact.de\/fr\/wp-json\/wp\/v2\/product_cat?post=3933"},{"taxonomy":"product_tag","embeddable":true,"href":"https:\/\/e-xact.de\/fr\/wp-json\/wp\/v2\/product_tag?post=3933"}],"curies":[{"name":"wp","href":"https:\/\/api.w.org\/{rel}","templated":true}]}}