{"id":3929,"date":"2022-11-10T11:59:15","date_gmt":"2022-02-04T14:57:15","guid":{"rendered":"https:\/\/e-xact.de\/produkt\/microfiber-smartphone-tablet-bag\/"},"modified":"2023-02-28T09:32:47","modified_gmt":"2023-02-28T08:32:47","slug":"microfiber-smartphone-tablet-bag","status":"publish","type":"product","link":"https:\/\/e-xact.de\/fr\/produit\/microfiber-smartphone-tablet-bag\/","title":{"rendered":"Sac en microfibre pour smartphone\/tablette"},"content":{"rendered":"<p>La housse microfibre pour smartphone\/tablette est le rangement id\u00e9al pour votre tablette, phablette ou grand smartphone, ce qui en fait l'article promotionnel id\u00e9al pour les marques f\u00e9rrues de technologie. Doucement prot\u00e9g\u00e9s par une microfibre douce, ces sacs sont des articles promotionnels utiles au quotidien et peuvent \u00eatre imprim\u00e9s en qualit\u00e9 photo sur toute la surface ext\u00e9rieure.<\/p>","protected":false},"excerpt":{"rendered":"<p>La housse microfibre pour smartphone\/tablette est le rangement id\u00e9al pour votre tablette, phablette ou grand smartphone, ce qui en fait l'article promotionnel id\u00e9al pour les marques f\u00e9rrues de technologie. Doucement prot\u00e9g\u00e9s par une microfibre douce, ces sacs sont des articles promotionnels utiles au quotidien et peuvent \u00eatre imprim\u00e9s en qualit\u00e9 photo sur toute la surface ext\u00e9rieure.<\/p>","protected":false},"featured_media":3930,"template":"","meta":{"_et_pb_use_builder":"","_et_pb_old_content":"","_et_gb_content_width":""},"product_brand":[],"product_cat":[869],"product_tag":[971,1111,1103,1107,1110,1106,1080,1102,1109,1105,1108,1104,1112],"class_list":{"0":"post-3929","1":"product","2":"type-product","3":"status-publish","4":"has-post-thumbnail","6":"product_cat-world-of-microfibers","7":"product_tag-bag","8":"product_tag-basketball-en","9":"product_tag-digital-camera","10":"product_tag-football","11":"product_tag-handball-en","12":"product_tag-jersey","13":"product_tag-microfiber","14":"product_tag-mobile-phone","15":"product_tag-phablet-en","16":"product_tag-sachet","17":"product_tag-smartphone-en","18":"product_tag-tablet-en","19":"product_tag-volleyball-en","21":"first","22":"instock","23":"shipping-taxable","24":"product-type-simple"},"_links":{"self":[{"href":"https:\/\/e-xact.de\/fr\/wp-json\/wp\/v2\/product\/3929","targetHints":{"allow":["GET"]}}],"collection":[{"href":"https:\/\/e-xact.de\/fr\/wp-json\/wp\/v2\/product"}],"about":[{"href":"https:\/\/e-xact.de\/fr\/wp-json\/wp\/v2\/types\/product"}],"wp:featuredmedia":[{"embeddable":true,"href":"https:\/\/e-xact.de\/fr\/wp-json\/wp\/v2\/media\/3930"}],"wp:attachment":[{"href":"https:\/\/e-xact.de\/fr\/wp-json\/wp\/v2\/media?parent=3929"}],"wp:term":[{"taxonomy":"product_brand","embeddable":true,"href":"https:\/\/e-xact.de\/fr\/wp-json\/wp\/v2\/product_brand?post=3929"},{"taxonomy":"product_cat","embeddable":true,"href":"https:\/\/e-xact.de\/fr\/wp-json\/wp\/v2\/product_cat?post=3929"},{"taxonomy":"product_tag","embeddable":true,"href":"https:\/\/e-xact.de\/fr\/wp-json\/wp\/v2\/product_tag?post=3929"}],"curies":[{"name":"wp","href":"https:\/\/api.w.org\/{rel}","templated":true}]}}