{"id":3925,"date":"2022-11-10T11:24:39","date_gmt":"2022-01-28T15:35:39","guid":{"rendered":"https:\/\/e-xact.de\/produkt\/microfiber-jewellery-box-2\/"},"modified":"2023-03-03T13:20:07","modified_gmt":"2023-03-03T12:20:07","slug":"microfiber-jewellery-box-2","status":"publish","type":"product","link":"https:\/\/e-xact.de\/fr\/produit\/microfiber-jewellery-box-2\/","title":{"rendered":"Bo\u00eete \u00e0 bijoux en microfibre"},"content":{"rendered":"<p>La bo\u00eete en microfibre est le rangement id\u00e9al pour vos bijoux. Compagnon parfait pour les d\u00e9placements ou \u00e0 la maison. La bo\u00eete est recouverte de microfibre et imprim\u00e9e num\u00e9riquement en qualit\u00e9 photo. Excellent article promotionnel pour les bijoutiers et les fabricants de bijoux.<\/p>","protected":false},"excerpt":{"rendered":"<p>La bo\u00eete en microfibre est le rangement id\u00e9al pour vos bijoux. Compagnon parfait pour les d\u00e9placements ou \u00e0 la maison. La bo\u00eete est recouverte de microfibre et imprim\u00e9e num\u00e9riquement en qualit\u00e9 photo. Excellent article promotionnel pour les bijoutiers et les fabricants de bijoux.<\/p>","protected":false},"featured_media":3926,"template":"","meta":{"_et_pb_use_builder":"","_et_pb_old_content":"","_et_gb_content_width":""},"product_brand":[],"product_cat":[869],"product_tag":[1278,1279],"class_list":{"0":"post-3925","1":"product","2":"type-product","3":"status-publish","4":"has-post-thumbnail","6":"product_cat-world-of-microfibers","7":"product_tag-jeweller","8":"product_tag-pillbox","10":"first","11":"instock","12":"shipping-taxable","13":"product-type-simple"},"_links":{"self":[{"href":"https:\/\/e-xact.de\/fr\/wp-json\/wp\/v2\/product\/3925","targetHints":{"allow":["GET"]}}],"collection":[{"href":"https:\/\/e-xact.de\/fr\/wp-json\/wp\/v2\/product"}],"about":[{"href":"https:\/\/e-xact.de\/fr\/wp-json\/wp\/v2\/types\/product"}],"wp:featuredmedia":[{"embeddable":true,"href":"https:\/\/e-xact.de\/fr\/wp-json\/wp\/v2\/media\/3926"}],"wp:attachment":[{"href":"https:\/\/e-xact.de\/fr\/wp-json\/wp\/v2\/media?parent=3925"}],"wp:term":[{"taxonomy":"product_brand","embeddable":true,"href":"https:\/\/e-xact.de\/fr\/wp-json\/wp\/v2\/product_brand?post=3925"},{"taxonomy":"product_cat","embeddable":true,"href":"https:\/\/e-xact.de\/fr\/wp-json\/wp\/v2\/product_cat?post=3925"},{"taxonomy":"product_tag","embeddable":true,"href":"https:\/\/e-xact.de\/fr\/wp-json\/wp\/v2\/product_tag?post=3925"}],"curies":[{"name":"wp","href":"https:\/\/api.w.org\/{rel}","templated":true}]}}