{"id":3923,"date":"2022-11-10T11:22:27","date_gmt":"2022-01-28T15:35:27","guid":{"rendered":"https:\/\/e-xact.de\/produkt\/microfiber-jewellery-box\/"},"modified":"2023-02-28T09:39:41","modified_gmt":"2023-02-28T08:39:41","slug":"mikrofaser-reinigungspad","status":"publish","type":"product","link":"https:\/\/e-xact.de\/fr\/produit\/mikrofaser-reinigungspad\/","title":{"rendered":"Tampon de nettoyage en microfibres"},"content":{"rendered":"<p>Le tampon de nettoyage est fait de microfibre sur le devant. Il peut \u00eatre imprim\u00e9 individuellement en qualit\u00e9 photo. Vous pouvez d\u00e9terminer vous-m\u00eame le format et la forme. Le dos est destin\u00e9 \u00e0 \u00eatre fix\u00e9 sur le t\u00e9l\u00e9phone portable, le smartphone ou le lecteur MP3. Ce cadeau promotionnel peut \u00eatre compl\u00e9t\u00e9 par un insert en papier. Cela cr\u00e9e un espace publicitaire suppl\u00e9mentaire. Ce cadeau promotionnel est id\u00e9al comme cadeau d'affaires, par exemple lors de foires commerciales ou d'\u00e9v\u00e9nements. En raison de son faible poids, il est \u00e9galement id\u00e9al comme booster de mailing.<\/p>","protected":false},"excerpt":{"rendered":"<p>The cleaning pad is made of microfibre on the front. This can be printed individually in photo quality. You can determine the format and shape yourself. The back is for attaching to the mobile phone, your smartphone or your MP3 player. This promotional gift can be supplemented with a paper insert. This creates an additional [&hellip;]<\/p>\n","protected":false},"featured_media":3924,"template":"","meta":{"_et_pb_use_builder":"","_et_pb_old_content":"","_et_gb_content_width":""},"product_brand":[],"product_cat":[869],"product_tag":[1122],"class_list":{"0":"post-3923","1":"product","2":"type-product","3":"status-publish","4":"has-post-thumbnail","6":"product_cat-world-of-microfibers","7":"product_tag-handy-en","9":"first","10":"instock","11":"shipping-taxable","12":"product-type-simple"},"_links":{"self":[{"href":"https:\/\/e-xact.de\/fr\/wp-json\/wp\/v2\/product\/3923","targetHints":{"allow":["GET"]}}],"collection":[{"href":"https:\/\/e-xact.de\/fr\/wp-json\/wp\/v2\/product"}],"about":[{"href":"https:\/\/e-xact.de\/fr\/wp-json\/wp\/v2\/types\/product"}],"wp:featuredmedia":[{"embeddable":true,"href":"https:\/\/e-xact.de\/fr\/wp-json\/wp\/v2\/media\/3924"}],"wp:attachment":[{"href":"https:\/\/e-xact.de\/fr\/wp-json\/wp\/v2\/media?parent=3923"}],"wp:term":[{"taxonomy":"product_brand","embeddable":true,"href":"https:\/\/e-xact.de\/fr\/wp-json\/wp\/v2\/product_brand?post=3923"},{"taxonomy":"product_cat","embeddable":true,"href":"https:\/\/e-xact.de\/fr\/wp-json\/wp\/v2\/product_cat?post=3923"},{"taxonomy":"product_tag","embeddable":true,"href":"https:\/\/e-xact.de\/fr\/wp-json\/wp\/v2\/product_tag?post=3923"}],"curies":[{"name":"wp","href":"https:\/\/api.w.org\/{rel}","templated":true}]}}