{"id":3920,"date":"2023-08-25T14:00:23","date_gmt":"2022-01-28T15:35:23","guid":{"rendered":"https:\/\/e-xact.de\/produkt\/microfiber-cleaning-pad\/"},"modified":"2023-02-28T09:40:26","modified_gmt":"2023-02-28T08:40:26","slug":"microfiber-cleaning-pad","status":"publish","type":"product","link":"https:\/\/e-xact.de\/fr\/produit\/microfiber-cleaning-pad\/","title":{"rendered":"Tampon de nettoyage en microfibre"},"content":{"rendered":"<p>Le coussin de nettoyage, en tant que produit promotionnel, sert d'une part de repose-poignet et d'autre part de nettoyage des \u00e9crans de toutes sortes. Vous pouvez placer ce coussin en microfibre devant votre souris ou votre clavier pour soulager les poignets et ainsi pr\u00e9venir la fatigue ou la douleur. Les repose-poignets soutiennent les poignets et facilitent la transition entre le bureau et les p\u00e9riph\u00e9riques de saisie. La surface de ce cadeau promotionnel est enti\u00e8rement imprim\u00e9e en impression num\u00e9rique de qualit\u00e9 photographique.<\/p>","protected":false},"excerpt":{"rendered":"<p>The cleaning pad as a promotional product serves on the one hand as a wrist rest and on the other hand for cleaning displays of all kinds. You can place this microfibre cushion in front of your mouse or keyboard to relieve the wrists and thus prevent fatigue or pain. Wrist rests support the wrists [&hellip;]<\/p>\n","protected":false},"featured_media":3921,"template":"","meta":{"_et_pb_use_builder":"","_et_pb_old_content":"","_et_gb_content_width":""},"product_brand":[],"product_cat":[869],"product_tag":[1085,1142],"class_list":{"0":"post-3920","1":"product","2":"type-product","3":"status-publish","4":"has-post-thumbnail","6":"product_cat-world-of-microfibers","7":"product_tag-homeoffice-en","8":"product_tag-laptop-en","10":"first","11":"instock","12":"shipping-taxable","13":"product-type-simple"},"_links":{"self":[{"href":"https:\/\/e-xact.de\/fr\/wp-json\/wp\/v2\/product\/3920","targetHints":{"allow":["GET"]}}],"collection":[{"href":"https:\/\/e-xact.de\/fr\/wp-json\/wp\/v2\/product"}],"about":[{"href":"https:\/\/e-xact.de\/fr\/wp-json\/wp\/v2\/types\/product"}],"wp:featuredmedia":[{"embeddable":true,"href":"https:\/\/e-xact.de\/fr\/wp-json\/wp\/v2\/media\/3921"}],"wp:attachment":[{"href":"https:\/\/e-xact.de\/fr\/wp-json\/wp\/v2\/media?parent=3920"}],"wp:term":[{"taxonomy":"product_brand","embeddable":true,"href":"https:\/\/e-xact.de\/fr\/wp-json\/wp\/v2\/product_brand?post=3920"},{"taxonomy":"product_cat","embeddable":true,"href":"https:\/\/e-xact.de\/fr\/wp-json\/wp\/v2\/product_cat?post=3920"},{"taxonomy":"product_tag","embeddable":true,"href":"https:\/\/e-xact.de\/fr\/wp-json\/wp\/v2\/product_tag?post=3920"}],"curies":[{"name":"wp","href":"https:\/\/api.w.org\/{rel}","templated":true}]}}