{"id":3916,"date":"2022-11-10T12:13:11","date_gmt":"2022-01-28T15:35:11","guid":{"rendered":"https:\/\/e-xact.de\/produkt\/microfiber-mouse-mat\/"},"modified":"2023-03-03T13:01:55","modified_gmt":"2023-03-03T12:01:55","slug":"microfiber-mouse-mat","status":"publish","type":"product","link":"https:\/\/e-xact.de\/fr\/produit\/microfiber-mouse-mat\/","title":{"rendered":"Tapis de souris en microfibre"},"content":{"rendered":"<p>Le tapis de souris en microfibre se situe entre un tapis de souris et un chiffon en microfibre. Le devant est en microfibre, le dos est caoutchout\u00e9. En raison de sa faible \u00e9paisseur, le tapis de souris en microfibre est tr\u00e8s adapt\u00e9 pour \u00eatre ins\u00e9r\u00e9 dans l'ordinateur portable pour le prot\u00e9ger. Comme article promotionnel, c'est le compagnon id\u00e9al pour tous les professionnels de l'ordinateur portable. Ce cadeau promotionnel peut \u00eatre imprim\u00e9 avec votre logo en 4 couleurs sur le devant en qualit\u00e9 photo.<\/p>","protected":false},"excerpt":{"rendered":"<p>The microfiber Mouse Mat is something in between a mouse pad and a microfiber cloth. The front is made of microfibre, the back is rubberised. Due to its low thickness, the Microfiber Mouse Mat is very suitable for inserting into the laptop for protection. As a promotional item the right companion for all laptop professionals. [&hellip;]<\/p>\n","protected":false},"featured_media":3917,"template":"","meta":{"_et_pb_use_builder":"","_et_pb_old_content":"","_et_gb_content_width":""},"product_brand":[],"product_cat":[869],"product_tag":[1251,1250,1249,1188],"class_list":{"0":"post-3916","1":"product","2":"type-product","3":"status-publish","4":"has-post-thumbnail","6":"product_cat-world-of-microfibers","7":"product_tag-computer-games","8":"product_tag-laptop-cleaner","9":"product_tag-mousepad-en","10":"product_tag-pc-en","12":"first","13":"instock","14":"shipping-taxable","15":"product-type-simple"},"_links":{"self":[{"href":"https:\/\/e-xact.de\/fr\/wp-json\/wp\/v2\/product\/3916","targetHints":{"allow":["GET"]}}],"collection":[{"href":"https:\/\/e-xact.de\/fr\/wp-json\/wp\/v2\/product"}],"about":[{"href":"https:\/\/e-xact.de\/fr\/wp-json\/wp\/v2\/types\/product"}],"wp:featuredmedia":[{"embeddable":true,"href":"https:\/\/e-xact.de\/fr\/wp-json\/wp\/v2\/media\/3917"}],"wp:attachment":[{"href":"https:\/\/e-xact.de\/fr\/wp-json\/wp\/v2\/media?parent=3916"}],"wp:term":[{"taxonomy":"product_brand","embeddable":true,"href":"https:\/\/e-xact.de\/fr\/wp-json\/wp\/v2\/product_brand?post=3916"},{"taxonomy":"product_cat","embeddable":true,"href":"https:\/\/e-xact.de\/fr\/wp-json\/wp\/v2\/product_cat?post=3916"},{"taxonomy":"product_tag","embeddable":true,"href":"https:\/\/e-xact.de\/fr\/wp-json\/wp\/v2\/product_tag?post=3916"}],"curies":[{"name":"wp","href":"https:\/\/api.w.org\/{rel}","templated":true}]}}