{"id":3908,"date":"2022-11-10T11:37:28","date_gmt":"2022-01-28T15:36:28","guid":{"rendered":"https:\/\/e-xact.de\/produkt\/microfiber-handycleaner\/"},"modified":"2023-02-28T09:36:18","modified_gmt":"2023-02-28T08:36:18","slug":"microfiber-handycleaner","status":"publish","type":"product","link":"https:\/\/e-xact.de\/fr\/produit\/microfiber-handycleaner\/","title":{"rendered":"Nettoyeur de mains en microfibre"},"content":{"rendered":"<p>L'Handycleaner est un objet promotionnel pour le nettoyage de tous les types d'\u00e9crans : t\u00e9l\u00e9phones portables, smartphones, appareils photo num\u00e9riques et autres. En plus des formes standard rectangulaires, carr\u00e9es, rondes et ovales, des formes personnalis\u00e9es sont \u00e9galement possibles. Le recto est imprim\u00e9 en qualit\u00e9 photo sur un folio, le verso est nettoy\u00e9 avec de la microfibre douce. Il est fix\u00e9 au t\u00e9l\u00e9phone \u00e0 l'aide d'un ruban.<\/p>","protected":false},"excerpt":{"rendered":"<p>The Handycleaner is a promotional item for cleaning displays of all kinds: mobile phones, smartphones, digital cameras and more. In addition to the standard rectangular, square, round and oval shapes, customised shapes are also possible. The front is printed in photo quality on folio, the back cleans with soft microfibre. It is attached to the [&hellip;]<\/p>\n","protected":false},"featured_media":3909,"template":"","meta":{"_et_pb_use_builder":"","_et_pb_old_content":"","_et_gb_content_width":""},"product_brand":[],"product_cat":[869],"product_tag":[1124,1123,1122,1108,1104],"class_list":{"0":"post-3908","1":"product","2":"type-product","3":"status-publish","4":"has-post-thumbnail","6":"product_cat-world-of-microfibers","7":"product_tag-digitalkamera-en","8":"product_tag-display-en","9":"product_tag-handy-en","10":"product_tag-smartphone-en","11":"product_tag-tablet-en","13":"first","14":"instock","15":"shipping-taxable","16":"product-type-simple"},"_links":{"self":[{"href":"https:\/\/e-xact.de\/fr\/wp-json\/wp\/v2\/product\/3908","targetHints":{"allow":["GET"]}}],"collection":[{"href":"https:\/\/e-xact.de\/fr\/wp-json\/wp\/v2\/product"}],"about":[{"href":"https:\/\/e-xact.de\/fr\/wp-json\/wp\/v2\/types\/product"}],"wp:featuredmedia":[{"embeddable":true,"href":"https:\/\/e-xact.de\/fr\/wp-json\/wp\/v2\/media\/3909"}],"wp:attachment":[{"href":"https:\/\/e-xact.de\/fr\/wp-json\/wp\/v2\/media?parent=3908"}],"wp:term":[{"taxonomy":"product_brand","embeddable":true,"href":"https:\/\/e-xact.de\/fr\/wp-json\/wp\/v2\/product_brand?post=3908"},{"taxonomy":"product_cat","embeddable":true,"href":"https:\/\/e-xact.de\/fr\/wp-json\/wp\/v2\/product_cat?post=3908"},{"taxonomy":"product_tag","embeddable":true,"href":"https:\/\/e-xact.de\/fr\/wp-json\/wp\/v2\/product_tag?post=3908"}],"curies":[{"name":"wp","href":"https:\/\/api.w.org\/{rel}","templated":true}]}}