{"id":3906,"date":"2022-11-10T11:47:04","date_gmt":"2022-01-28T15:35:04","guid":{"rendered":"https:\/\/e-xact.de\/produkt\/microfiber-glove-altern-with-terry-on-the-inside\/"},"modified":"2023-03-03T13:14:30","modified_gmt":"2023-03-03T12:14:30","slug":"microfiber-glove-altern-with-terry-on-the-inside","status":"publish","type":"product","link":"https:\/\/e-xact.de\/fr\/produit\/microfiber-glove-altern-with-terry-on-the-inside\/","title":{"rendered":"Gant microfibre altern\u00e9 avec \u00e9ponge \u00e0 l'int\u00e9rieur"},"content":{"rendered":"<p>Le gant microfibre est un compagnon domestique utile pour d\u00e9poussi\u00e9rer. Convient \u00e9galement pour le nettoyage des \u00e9crans de t\u00e9l\u00e9phones portables, tablettes ou cockpits de voitures. Imprimable en qualit\u00e9 photo sur toute la surface ext\u00e9rieure.<\/p>","protected":false},"excerpt":{"rendered":"<p>Le gant microfibre est un compagnon domestique utile pour d\u00e9poussi\u00e9rer. Convient \u00e9galement pour le nettoyage des \u00e9crans de t\u00e9l\u00e9phones portables, tablettes ou cockpits de voitures. Imprimable en qualit\u00e9 photo sur toute la surface ext\u00e9rieure.<\/p>","protected":false},"featured_media":3907,"template":"","meta":{"_et_pb_use_builder":"","_et_pb_old_content":"","_et_gb_content_width":""},"product_brand":[],"product_cat":[869],"product_tag":[1265,1266,1264,1117],"class_list":{"0":"post-3906","1":"product","2":"type-product","3":"status-publish","4":"has-post-thumbnail","6":"product_cat-world-of-microfibers","7":"product_tag-auto-en","8":"product_tag-autopflege-en","9":"product_tag-care-en","10":"product_tag-cockpit-en","12":"first","13":"instock","14":"shipping-taxable","15":"product-type-simple"},"_links":{"self":[{"href":"https:\/\/e-xact.de\/fr\/wp-json\/wp\/v2\/product\/3906","targetHints":{"allow":["GET"]}}],"collection":[{"href":"https:\/\/e-xact.de\/fr\/wp-json\/wp\/v2\/product"}],"about":[{"href":"https:\/\/e-xact.de\/fr\/wp-json\/wp\/v2\/types\/product"}],"wp:featuredmedia":[{"embeddable":true,"href":"https:\/\/e-xact.de\/fr\/wp-json\/wp\/v2\/media\/3907"}],"wp:attachment":[{"href":"https:\/\/e-xact.de\/fr\/wp-json\/wp\/v2\/media?parent=3906"}],"wp:term":[{"taxonomy":"product_brand","embeddable":true,"href":"https:\/\/e-xact.de\/fr\/wp-json\/wp\/v2\/product_brand?post=3906"},{"taxonomy":"product_cat","embeddable":true,"href":"https:\/\/e-xact.de\/fr\/wp-json\/wp\/v2\/product_cat?post=3906"},{"taxonomy":"product_tag","embeddable":true,"href":"https:\/\/e-xact.de\/fr\/wp-json\/wp\/v2\/product_tag?post=3906"}],"curies":[{"name":"wp","href":"https:\/\/api.w.org\/{rel}","templated":true}]}}