{"id":3904,"date":"2022-11-10T12:45:59","date_gmt":"2022-01-28T15:34:59","guid":{"rendered":"https:\/\/e-xact.de\/produkt\/microfiber-spectacle-case-2\/"},"modified":"2023-03-03T13:15:28","modified_gmt":"2023-03-03T12:15:28","slug":"microfiber-spectacle-case-2","status":"publish","type":"product","link":"https:\/\/e-xact.de\/fr\/produit\/microfiber-spectacle-case-2\/","title":{"rendered":"\u00c9tui \u00e0 lunettes en microfibre"},"content":{"rendered":"<p>L'\u00e9tui \u00e0 lunettes en microfibre peut \u00eatre fourni avec ou sans chiffon en microfibre. Les deux articles sont imprim\u00e9s comme cadeau promotionnel en impression num\u00e9rique de qualit\u00e9 photo. Article promotionnel id\u00e9al pour, par exemple, les opticiens, les fabricants de lentilles, les ophtalmologistes.<\/p>","protected":false},"excerpt":{"rendered":"<p>L'\u00e9tui \u00e0 lunettes en microfibre peut \u00eatre fourni avec ou sans chiffon en microfibre. Les deux articles sont imprim\u00e9s comme cadeau promotionnel en impression num\u00e9rique de qualit\u00e9 photo. Article promotionnel id\u00e9al pour, par exemple, les opticiens, les fabricants de lentilles, les ophtalmologistes.<\/p>","protected":false},"featured_media":4644,"template":"","meta":{"_et_pb_use_builder":"","_et_pb_old_content":"","_et_gb_content_width":""},"product_brand":[],"product_cat":[869],"product_tag":[1267,1268],"class_list":{"0":"post-3904","1":"product","2":"type-product","3":"status-publish","4":"has-post-thumbnail","6":"product_cat-world-of-microfibers","7":"product_tag-reading-glases","8":"product_tag-sight-aid","10":"first","11":"instock","12":"shipping-taxable","13":"product-type-simple"},"_links":{"self":[{"href":"https:\/\/e-xact.de\/fr\/wp-json\/wp\/v2\/product\/3904","targetHints":{"allow":["GET"]}}],"collection":[{"href":"https:\/\/e-xact.de\/fr\/wp-json\/wp\/v2\/product"}],"about":[{"href":"https:\/\/e-xact.de\/fr\/wp-json\/wp\/v2\/types\/product"}],"wp:featuredmedia":[{"embeddable":true,"href":"https:\/\/e-xact.de\/fr\/wp-json\/wp\/v2\/media\/4644"}],"wp:attachment":[{"href":"https:\/\/e-xact.de\/fr\/wp-json\/wp\/v2\/media?parent=3904"}],"wp:term":[{"taxonomy":"product_brand","embeddable":true,"href":"https:\/\/e-xact.de\/fr\/wp-json\/wp\/v2\/product_brand?post=3904"},{"taxonomy":"product_cat","embeddable":true,"href":"https:\/\/e-xact.de\/fr\/wp-json\/wp\/v2\/product_cat?post=3904"},{"taxonomy":"product_tag","embeddable":true,"href":"https:\/\/e-xact.de\/fr\/wp-json\/wp\/v2\/product_tag?post=3904"}],"curies":[{"name":"wp","href":"https:\/\/api.w.org\/{rel}","templated":true}]}}