{"id":3900,"date":"2022-11-10T12:33:03","date_gmt":"2022-01-28T15:36:03","guid":{"rendered":"https:\/\/e-xact.de\/produkt\/microfiber-eye-mask\/"},"modified":"2023-03-03T13:09:41","modified_gmt":"2023-03-03T12:09:41","slug":"microfiber-eye-mask","status":"publish","type":"product","link":"https:\/\/e-xact.de\/fr\/produit\/microfiber-eye-mask\/","title":{"rendered":"Masque pour les yeux en microfibre"},"content":{"rendered":"<p>Masque pour les yeux en microfibre, utilisable comme lunettes de sommeil ou simplement pour la relaxation. Impression num\u00e9rique en quadrichromie pleine surface, qualit\u00e9 photographique. Un article promotionnel id\u00e9al pour que vos clients pensent \u00e0 votre entreprise, m\u00eame pendant leurs loisirs ou leurs vacances.<\/p>","protected":false},"excerpt":{"rendered":"<p>Masque pour les yeux en microfibre, utilisable comme lunettes de sommeil ou simplement pour la relaxation. Impression num\u00e9rique en quadrichromie pleine surface, qualit\u00e9 photographique. Un article promotionnel id\u00e9al pour que vos clients pensent \u00e0 votre entreprise, m\u00eame pendant leurs loisirs ou leurs vacances.<\/p>","protected":false},"featured_media":4640,"template":"","meta":{"_et_pb_use_builder":"","_et_pb_old_content":"","_et_gb_content_width":""},"product_brand":[],"product_cat":[869],"product_tag":[1264,1263,1258,1260,1262,1261,1259],"class_list":{"0":"post-3900","1":"product","2":"type-product","3":"status-publish","4":"has-post-thumbnail","6":"product_cat-world-of-microfibers","7":"product_tag-care-en","8":"product_tag-cosmetics-en","9":"product_tag-on-the-road-en","10":"product_tag-recreation-en","11":"product_tag-relax-en","12":"product_tag-sleep-en","13":"product_tag-travel-en","15":"first","16":"instock","17":"shipping-taxable","18":"product-type-simple"},"_links":{"self":[{"href":"https:\/\/e-xact.de\/fr\/wp-json\/wp\/v2\/product\/3900","targetHints":{"allow":["GET"]}}],"collection":[{"href":"https:\/\/e-xact.de\/fr\/wp-json\/wp\/v2\/product"}],"about":[{"href":"https:\/\/e-xact.de\/fr\/wp-json\/wp\/v2\/types\/product"}],"wp:featuredmedia":[{"embeddable":true,"href":"https:\/\/e-xact.de\/fr\/wp-json\/wp\/v2\/media\/4640"}],"wp:attachment":[{"href":"https:\/\/e-xact.de\/fr\/wp-json\/wp\/v2\/media?parent=3900"}],"wp:term":[{"taxonomy":"product_brand","embeddable":true,"href":"https:\/\/e-xact.de\/fr\/wp-json\/wp\/v2\/product_brand?post=3900"},{"taxonomy":"product_cat","embeddable":true,"href":"https:\/\/e-xact.de\/fr\/wp-json\/wp\/v2\/product_cat?post=3900"},{"taxonomy":"product_tag","embeddable":true,"href":"https:\/\/e-xact.de\/fr\/wp-json\/wp\/v2\/product_tag?post=3900"}],"curies":[{"name":"wp","href":"https:\/\/api.w.org\/{rel}","templated":true}]}}