{"id":3892,"date":"2022-01-28T16:32:37","date_gmt":"2022-01-28T15:32:37","guid":{"rendered":"https:\/\/e-xact.de\/produkt\/magnet-rectangular\/"},"modified":"2022-01-28T16:32:37","modified_gmt":"2022-01-28T15:32:37","slug":"magnet-rectangular","status":"publish","type":"product","link":"https:\/\/e-xact.de\/fr\/produit\/magnet-rectangular\/","title":{"rendered":"Aimant, rectangulaire"},"content":{"rendered":"<p>Aimant, de forme rectangulaire. Pr\u00e9sentez votre logo sur des aimants flexibles dans les formes et les variations les plus diverses. Tout le monde appr\u00e9cie les cadeaux promotionnels magn\u00e9tiques pratiques. Ils sont s\u00fbrs d'\u00eatre utilis\u00e9s dans la vie de tous les jours ! Assurez-vous une place sur le frigo avec votre aimant personnalis\u00e9 avec le logo de votre entreprise ! <\/p>","protected":false},"excerpt":{"rendered":"<p>Aimant, de forme rectangulaire. Pr\u00e9sentez votre logo sur des aimants flexibles dans les formes et les variations les plus diverses. Tout le monde appr\u00e9cie les cadeaux promotionnels magn\u00e9tiques pratiques. Ils sont s\u00fbrs d'\u00eatre utilis\u00e9s dans la vie de tous les jours ! Assurez-vous une place sur le frigo avec votre aimant personnalis\u00e9 avec le logo de votre entreprise !<\/p>","protected":false},"featured_media":3893,"template":"","meta":{"_et_pb_use_builder":"","_et_pb_old_content":"","_et_gb_content_width":""},"product_brand":[],"product_cat":[857],"product_tag":[],"class_list":{"0":"post-3892","1":"product","2":"type-product","3":"status-publish","4":"has-post-thumbnail","6":"product_cat-world-of-advertising","8":"first","9":"instock","10":"shipping-taxable","11":"product-type-simple"},"_links":{"self":[{"href":"https:\/\/e-xact.de\/fr\/wp-json\/wp\/v2\/product\/3892","targetHints":{"allow":["GET"]}}],"collection":[{"href":"https:\/\/e-xact.de\/fr\/wp-json\/wp\/v2\/product"}],"about":[{"href":"https:\/\/e-xact.de\/fr\/wp-json\/wp\/v2\/types\/product"}],"wp:featuredmedia":[{"embeddable":true,"href":"https:\/\/e-xact.de\/fr\/wp-json\/wp\/v2\/media\/3893"}],"wp:attachment":[{"href":"https:\/\/e-xact.de\/fr\/wp-json\/wp\/v2\/media?parent=3892"}],"wp:term":[{"taxonomy":"product_brand","embeddable":true,"href":"https:\/\/e-xact.de\/fr\/wp-json\/wp\/v2\/product_brand?post=3892"},{"taxonomy":"product_cat","embeddable":true,"href":"https:\/\/e-xact.de\/fr\/wp-json\/wp\/v2\/product_cat?post=3892"},{"taxonomy":"product_tag","embeddable":true,"href":"https:\/\/e-xact.de\/fr\/wp-json\/wp\/v2\/product_tag?post=3892"}],"curies":[{"name":"wp","href":"https:\/\/api.w.org\/{rel}","templated":true}]}}