{"id":3888,"date":"2022-01-28T16:32:28","date_gmt":"2022-01-28T15:32:28","guid":{"rendered":"https:\/\/e-xact.de\/produkt\/magnet-bookmark\/"},"modified":"2022-01-28T16:32:28","modified_gmt":"2022-01-28T15:32:28","slug":"magnet-bookmark","status":"publish","type":"product","link":"https:\/\/e-xact.de\/fr\/produit\/magnet-bookmark\/","title":{"rendered":"Marque-page magn\u00e9tique"},"content":{"rendered":"<p>Le marque-page magn\u00e9tique est un gadget ing\u00e9nieux pour les rat de biblioth\u00e8que ! Fini la recherche de pages dans les livres et magazines ! L'aimant permet de fixer facilement le marque-page \u00e0 la page et emp\u00eache celui-ci de tomber. Impression en 4C offset = Qualit\u00e9 photo !!!<\/p>","protected":false},"excerpt":{"rendered":"<p>Le marque-page magn\u00e9tique est un gadget ing\u00e9nieux pour les rat de biblioth\u00e8que ! Fini la recherche de pages dans les livres et magazines ! L'aimant permet de fixer facilement le marque-page \u00e0 la page et emp\u00eache celui-ci de tomber. Impression en 4C offset = Qualit\u00e9 photo !!!<\/p>","protected":false},"featured_media":3889,"template":"","meta":{"_et_pb_use_builder":"","_et_pb_old_content":"","_et_gb_content_width":""},"product_brand":[],"product_cat":[857],"product_tag":[1258],"class_list":{"0":"post-3888","1":"product","2":"type-product","3":"status-publish","4":"has-post-thumbnail","6":"product_cat-world-of-advertising","7":"product_tag-on-the-road-en","9":"first","10":"instock","11":"shipping-taxable","12":"product-type-simple"},"_links":{"self":[{"href":"https:\/\/e-xact.de\/fr\/wp-json\/wp\/v2\/product\/3888","targetHints":{"allow":["GET"]}}],"collection":[{"href":"https:\/\/e-xact.de\/fr\/wp-json\/wp\/v2\/product"}],"about":[{"href":"https:\/\/e-xact.de\/fr\/wp-json\/wp\/v2\/types\/product"}],"wp:featuredmedia":[{"embeddable":true,"href":"https:\/\/e-xact.de\/fr\/wp-json\/wp\/v2\/media\/3889"}],"wp:attachment":[{"href":"https:\/\/e-xact.de\/fr\/wp-json\/wp\/v2\/media?parent=3888"}],"wp:term":[{"taxonomy":"product_brand","embeddable":true,"href":"https:\/\/e-xact.de\/fr\/wp-json\/wp\/v2\/product_brand?post=3888"},{"taxonomy":"product_cat","embeddable":true,"href":"https:\/\/e-xact.de\/fr\/wp-json\/wp\/v2\/product_cat?post=3888"},{"taxonomy":"product_tag","embeddable":true,"href":"https:\/\/e-xact.de\/fr\/wp-json\/wp\/v2\/product_tag?post=3888"}],"curies":[{"name":"wp","href":"https:\/\/api.w.org\/{rel}","templated":true}]}}