{"id":3886,"date":"2023-09-01T11:50:12","date_gmt":"2022-01-28T15:33:12","guid":{"rendered":"https:\/\/e-xact.de\/produkt\/lanyards\/"},"modified":"2022-01-28T16:33:12","modified_gmt":"2022-01-28T15:33:12","slug":"lanyards","status":"publish","type":"product","link":"https:\/\/e-xact.de\/fr\/produit\/lanyards\/","title":{"rendered":"Lanyards"},"content":{"rendered":"<p>Avec des lani\u00e8res personnalis\u00e9es imprim\u00e9es, vous \u00eates s\u00fbr de faire une entr\u00e9e remarqu\u00e9e ! Un porte-cl\u00e9s\/lani\u00e8re accrocheur rend la recherche \u00e9ternelle inutile, vous avez maintenant plus de temps pour les choses importantes de la vie. Nous offrons une large gamme de diff\u00e9rentes lani\u00e8res que vous pouvez imprimer avec le logo de votre entreprise.<\/p>","protected":false},"excerpt":{"rendered":"<p>Avec des lani\u00e8res personnalis\u00e9es imprim\u00e9es, vous \u00eates s\u00fbr de faire une entr\u00e9e remarqu\u00e9e ! Un porte-cl\u00e9s\/lani\u00e8re accrocheur rend la recherche \u00e9ternelle inutile, vous avez maintenant plus de temps pour les choses importantes de la vie. Nous offrons une large gamme de diff\u00e9rentes lani\u00e8res que vous pouvez imprimer avec le logo de votre entreprise.<\/p>","protected":false},"featured_media":3887,"template":"","meta":{"_et_pb_use_builder":"","_et_pb_old_content":"","_et_gb_content_width":""},"product_brand":[],"product_cat":[857],"product_tag":[1122,1284,1108],"class_list":{"0":"post-3886","1":"product","2":"type-product","3":"status-publish","4":"has-post-thumbnail","6":"product_cat-world-of-advertising","7":"product_tag-handy-en","8":"product_tag-key-chain","9":"product_tag-smartphone-en","11":"first","12":"instock","13":"shipping-taxable","14":"product-type-simple"},"_links":{"self":[{"href":"https:\/\/e-xact.de\/fr\/wp-json\/wp\/v2\/product\/3886","targetHints":{"allow":["GET"]}}],"collection":[{"href":"https:\/\/e-xact.de\/fr\/wp-json\/wp\/v2\/product"}],"about":[{"href":"https:\/\/e-xact.de\/fr\/wp-json\/wp\/v2\/types\/product"}],"wp:featuredmedia":[{"embeddable":true,"href":"https:\/\/e-xact.de\/fr\/wp-json\/wp\/v2\/media\/3887"}],"wp:attachment":[{"href":"https:\/\/e-xact.de\/fr\/wp-json\/wp\/v2\/media?parent=3886"}],"wp:term":[{"taxonomy":"product_brand","embeddable":true,"href":"https:\/\/e-xact.de\/fr\/wp-json\/wp\/v2\/product_brand?post=3886"},{"taxonomy":"product_cat","embeddable":true,"href":"https:\/\/e-xact.de\/fr\/wp-json\/wp\/v2\/product_cat?post=3886"},{"taxonomy":"product_tag","embeddable":true,"href":"https:\/\/e-xact.de\/fr\/wp-json\/wp\/v2\/product_tag?post=3886"}],"curies":[{"name":"wp","href":"https:\/\/api.w.org\/{rel}","templated":true}]}}