{"id":3882,"date":"2022-01-28T16:33:02","date_gmt":"2022-01-28T15:33:02","guid":{"rendered":"https:\/\/e-xact.de\/produkt\/luggage-straps\/"},"modified":"2022-01-28T16:33:02","modified_gmt":"2022-01-28T15:33:02","slug":"luggage-straps","status":"publish","type":"product","link":"https:\/\/e-xact.de\/fr\/produit\/luggage-straps\/","title":{"rendered":"Sangles pour bagages"},"content":{"rendered":"<p>Les sangles de bagages imprim\u00e9es sont fabriqu\u00e9es selon vos sp\u00e9cifications avec votre logo et votre slogan comme article promotionnel \u00e0 valeur ajout\u00e9e. Vous d\u00e9terminez les couleurs de la sangle de bagage et les couleurs d'impression selon Pantone. Les sangles de bagages sont \u00e9quip\u00e9es d'une boucle \u00e0 clip d'usine et sont r\u00e9glables en longueur. Avec des sangles de bagages individuelles, vous assurez une impression durable ! <\/p>","protected":false},"excerpt":{"rendered":"<p>The printed luggage straps \/ luggage straps are made according to your specifications with your logo and slogan as a promotional item with added value. You determine the colours of the luggage strap and the printing colours according to Pantone. The luggage straps are equipped with a plug-in fastener ex works and are adjustable in [&hellip;]<\/p>\n","protected":false},"featured_media":3883,"template":"","meta":{"_et_pb_use_builder":"","_et_pb_old_content":"","_et_gb_content_width":""},"product_brand":[],"product_cat":[857],"product_tag":[1271,1259],"class_list":{"0":"post-3882","1":"product","2":"type-product","3":"status-publish","4":"has-post-thumbnail","6":"product_cat-world-of-advertising","7":"product_tag-bag-en","8":"product_tag-travel-en","10":"first","11":"instock","12":"shipping-taxable","13":"product-type-simple"},"_links":{"self":[{"href":"https:\/\/e-xact.de\/fr\/wp-json\/wp\/v2\/product\/3882","targetHints":{"allow":["GET"]}}],"collection":[{"href":"https:\/\/e-xact.de\/fr\/wp-json\/wp\/v2\/product"}],"about":[{"href":"https:\/\/e-xact.de\/fr\/wp-json\/wp\/v2\/types\/product"}],"wp:featuredmedia":[{"embeddable":true,"href":"https:\/\/e-xact.de\/fr\/wp-json\/wp\/v2\/media\/3883"}],"wp:attachment":[{"href":"https:\/\/e-xact.de\/fr\/wp-json\/wp\/v2\/media?parent=3882"}],"wp:term":[{"taxonomy":"product_brand","embeddable":true,"href":"https:\/\/e-xact.de\/fr\/wp-json\/wp\/v2\/product_brand?post=3882"},{"taxonomy":"product_cat","embeddable":true,"href":"https:\/\/e-xact.de\/fr\/wp-json\/wp\/v2\/product_cat?post=3882"},{"taxonomy":"product_tag","embeddable":true,"href":"https:\/\/e-xact.de\/fr\/wp-json\/wp\/v2\/product_tag?post=3882"}],"curies":[{"name":"wp","href":"https:\/\/api.w.org\/{rel}","templated":true}]}}