{"id":3878,"date":"2022-01-28T16:30:23","date_gmt":"2022-01-28T15:30:23","guid":{"rendered":"https:\/\/e-xact.de\/produkt\/i-plunsh\/"},"modified":"2022-01-28T16:30:23","modified_gmt":"2022-01-28T15:30:23","slug":"i-plunsh","status":"publish","type":"product","link":"https:\/\/e-xact.de\/fr\/produit\/i-plunsh\/","title":{"rendered":"Je te frapperai"},"content":{"rendered":"<p>H\u00e4ndi P\u00f6mpeli suce le dos des t\u00e9l\u00e9phones portables, des appareils photo num\u00e9riques, etc. et leur sert de support. Disponible selon le PMS du client. Impression de pastilles possible sur la poign\u00e9e en bois et la coupelle d'aspiration.<\/p>","protected":false},"excerpt":{"rendered":"<p>H\u00e4ndi P\u00f6mpeli suce le dos des t\u00e9l\u00e9phones portables, des appareils photo num\u00e9riques, etc. et leur sert de support. Disponible selon le PMS du client. Impression de pastilles possible sur la poign\u00e9e en bois et la coupelle d'aspiration.<\/p>","protected":false},"featured_media":3879,"template":"","meta":{"_et_pb_use_builder":"","_et_pb_old_content":"","_et_gb_content_width":""},"product_brand":[],"product_cat":[857],"product_tag":[1122,1236,1113],"class_list":{"0":"post-3878","1":"product","2":"type-product","3":"status-publish","4":"has-post-thumbnail","6":"product_cat-world-of-advertising","7":"product_tag-handy-en","8":"product_tag-handystand-en","9":"product_tag-mobilphonestand","11":"first","12":"instock","13":"shipping-taxable","14":"product-type-simple"},"_links":{"self":[{"href":"https:\/\/e-xact.de\/fr\/wp-json\/wp\/v2\/product\/3878","targetHints":{"allow":["GET"]}}],"collection":[{"href":"https:\/\/e-xact.de\/fr\/wp-json\/wp\/v2\/product"}],"about":[{"href":"https:\/\/e-xact.de\/fr\/wp-json\/wp\/v2\/types\/product"}],"wp:featuredmedia":[{"embeddable":true,"href":"https:\/\/e-xact.de\/fr\/wp-json\/wp\/v2\/media\/3879"}],"wp:attachment":[{"href":"https:\/\/e-xact.de\/fr\/wp-json\/wp\/v2\/media?parent=3878"}],"wp:term":[{"taxonomy":"product_brand","embeddable":true,"href":"https:\/\/e-xact.de\/fr\/wp-json\/wp\/v2\/product_brand?post=3878"},{"taxonomy":"product_cat","embeddable":true,"href":"https:\/\/e-xact.de\/fr\/wp-json\/wp\/v2\/product_cat?post=3878"},{"taxonomy":"product_tag","embeddable":true,"href":"https:\/\/e-xact.de\/fr\/wp-json\/wp\/v2\/product_tag?post=3878"}],"curies":[{"name":"wp","href":"https:\/\/api.w.org\/{rel}","templated":true}]}}