{"id":3874,"date":"2022-01-28T16:31:02","date_gmt":"2022-01-28T15:31:02","guid":{"rendered":"https:\/\/e-xact.de\/produkt\/foldable-vase\/"},"modified":"2022-01-28T16:31:02","modified_gmt":"2022-01-28T15:31:02","slug":"foldable-vase","status":"publish","type":"product","link":"https:\/\/e-xact.de\/fr\/produit\/foldable-vase\/","title":{"rendered":"Vase pliable"},"content":{"rendered":"<p>Vase ultra-plat. Une fois rempli d'eau, il prend sa forme.  La surface ext\u00e9rieure peut \u00eatre imprim\u00e9e individuellement. Ce vase est id\u00e9al pour \u00eatre utilis\u00e9 comme article de mailing car il est plat et l\u00e9ger.  Id\u00e9al pour le secteur de l'h\u00f4tellerie et de la restauration, il est indestructible et prend peu de place lorsqu'il n'est pas utilis\u00e9.<\/p>","protected":false},"excerpt":{"rendered":"<p>Ultra-flat vase. After filling with water, it takes its shape. The outer surface can be printed individually. This vase is ideal to use as a mailing item as it is flat and lightweight. Ideal for the hotel and restaurant industry as it is indestructible and takes up little space when not in use.<\/p>","protected":false},"featured_media":3875,"template":"","meta":{"_et_pb_use_builder":"","_et_pb_old_content":"","_et_gb_content_width":""},"product_brand":[],"product_cat":[857],"product_tag":[1295],"class_list":{"0":"post-3874","1":"product","2":"type-product","3":"status-publish","4":"has-post-thumbnail","6":"product_cat-world-of-advertising","7":"product_tag-mailing-article","9":"first","10":"instock","11":"shipping-taxable","12":"product-type-simple"},"_links":{"self":[{"href":"https:\/\/e-xact.de\/fr\/wp-json\/wp\/v2\/product\/3874","targetHints":{"allow":["GET"]}}],"collection":[{"href":"https:\/\/e-xact.de\/fr\/wp-json\/wp\/v2\/product"}],"about":[{"href":"https:\/\/e-xact.de\/fr\/wp-json\/wp\/v2\/types\/product"}],"wp:featuredmedia":[{"embeddable":true,"href":"https:\/\/e-xact.de\/fr\/wp-json\/wp\/v2\/media\/3875"}],"wp:attachment":[{"href":"https:\/\/e-xact.de\/fr\/wp-json\/wp\/v2\/media?parent=3874"}],"wp:term":[{"taxonomy":"product_brand","embeddable":true,"href":"https:\/\/e-xact.de\/fr\/wp-json\/wp\/v2\/product_brand?post=3874"},{"taxonomy":"product_cat","embeddable":true,"href":"https:\/\/e-xact.de\/fr\/wp-json\/wp\/v2\/product_cat?post=3874"},{"taxonomy":"product_tag","embeddable":true,"href":"https:\/\/e-xact.de\/fr\/wp-json\/wp\/v2\/product_tag?post=3874"}],"curies":[{"name":"wp","href":"https:\/\/api.w.org\/{rel}","templated":true}]}}