{"id":3869,"date":"2022-01-28T16:30:58","date_gmt":"2022-01-28T15:30:58","guid":{"rendered":"https:\/\/e-xact.de\/produkt\/foldable-bottle\/"},"modified":"2022-01-28T16:30:58","modified_gmt":"2022-01-28T15:30:58","slug":"foldable-bottle","status":"publish","type":"product","link":"https:\/\/e-xact.de\/fr\/produit\/foldable-bottle\/","title":{"rendered":"Bouteille pliable"},"content":{"rendered":"<p>Bouteille ultra-plate avec bouchon, d\u00e9salt\u00e9rant id\u00e9al pour les d\u00e9placements. Surface ext\u00e9rieure imprimable avec votre logo. Id\u00e9al comme objet promotionnel par courrier gr\u00e2ce \u00e0 sa l\u00e9g\u00e8ret\u00e9 et sa forme plate. Les coutures soud\u00e9es larges forment \u00e9galement un support. Mousqueton inclus. Forme rectangulaire standard. Incassable et parfaitement \u00e9tanche. Capacit\u00e9 : 480 ml.<\/p>","protected":false},"excerpt":{"rendered":"<p>Bouteille ultra-plate avec bouchon, d\u00e9salt\u00e9rant id\u00e9al pour les d\u00e9placements. Surface ext\u00e9rieure imprimable avec votre logo. Id\u00e9al comme objet promotionnel par courrier gr\u00e2ce \u00e0 sa l\u00e9g\u00e8ret\u00e9 et sa forme plate. Les coutures soud\u00e9es larges forment \u00e9galement un support. Mousqueton inclus. Forme rectangulaire standard. Incassable et parfaitement \u00e9tanche. Capacit\u00e9 : 480 ml.<\/p>","protected":false},"featured_media":3870,"template":"","meta":{"_et_pb_use_builder":"","_et_pb_old_content":"","_et_gb_content_width":""},"product_brand":[],"product_cat":[857],"product_tag":[1258,1121,1092],"class_list":{"0":"post-3869","1":"product","2":"type-product","3":"status-publish","4":"has-post-thumbnail","6":"product_cat-world-of-advertising","7":"product_tag-on-the-road-en","8":"product_tag-outdoor-en","9":"product_tag-sport-en","11":"first","12":"instock","13":"shipping-taxable","14":"product-type-simple"},"_links":{"self":[{"href":"https:\/\/e-xact.de\/fr\/wp-json\/wp\/v2\/product\/3869","targetHints":{"allow":["GET"]}}],"collection":[{"href":"https:\/\/e-xact.de\/fr\/wp-json\/wp\/v2\/product"}],"about":[{"href":"https:\/\/e-xact.de\/fr\/wp-json\/wp\/v2\/types\/product"}],"wp:featuredmedia":[{"embeddable":true,"href":"https:\/\/e-xact.de\/fr\/wp-json\/wp\/v2\/media\/3870"}],"wp:attachment":[{"href":"https:\/\/e-xact.de\/fr\/wp-json\/wp\/v2\/media?parent=3869"}],"wp:term":[{"taxonomy":"product_brand","embeddable":true,"href":"https:\/\/e-xact.de\/fr\/wp-json\/wp\/v2\/product_brand?post=3869"},{"taxonomy":"product_cat","embeddable":true,"href":"https:\/\/e-xact.de\/fr\/wp-json\/wp\/v2\/product_cat?post=3869"},{"taxonomy":"product_tag","embeddable":true,"href":"https:\/\/e-xact.de\/fr\/wp-json\/wp\/v2\/product_tag?post=3869"}],"curies":[{"name":"wp","href":"https:\/\/api.w.org\/{rel}","templated":true}]}}