{"id":3865,"date":"2022-01-28T16:30:54","date_gmt":"2022-01-28T15:30:54","guid":{"rendered":"https:\/\/e-xact.de\/produkt\/the-riddle-right-wrong-no-way-with-just-a-few-turns-your-logo-is-on-a-swan-a-ball-a-cat-and-many-other-imaginative-shapes-the-magic-cube-snake-promotes-your-own-creativity-and-spatial-imaginat\/"},"modified":"2022-01-28T16:30:54","modified_gmt":"2022-01-28T15:30:54","slug":"the-riddle-right-wrong-no-way-with-just-a-few-turns-your-logo-is-on-a-swan-a-ball-a-cat-and-many-other-imaginative-shapes-the-magic-cube-snake-promotes-your-own-creativity-and-spatial-imaginat","status":"publish","type":"product","link":"https:\/\/e-xact.de\/fr\/produit\/the-riddle-right-wrong-no-way-with-just-a-few-turns-your-logo-is-on-a-swan-a-ball-a-cat-and-many-other-imaginative-shapes-the-magic-cube-snake-promotes-your-own-creativity-and-spatial-imaginat\/","title":{"rendered":"Shopperbag"},"content":{"rendered":"<p>Pas sans mon sac de shopping \/ shopper bag ! Le must have YOU ! Que ce soit pour faire du shopping, pour aller \u00e0 la piscine comme sac de d\u00e9p\u00f4t pour les bouteilles ou simplement pour stocker dans la voiture, ce sac (lavable) est le compagnon utile pour tous. Toutes les tailles et tous les formats sont possibles. Les couleurs des poign\u00e9es et des cordons lat\u00e9raux peuvent \u00eatre personnalis\u00e9es selon la couleur de votre maquette.<\/p>","protected":false},"excerpt":{"rendered":"<p>Not without my shopping bag \/ shopper bag! The must have YOU! Whether to go shopping, to the pool as a deposit bottle bag or just as storage in the car, this bag (washable) is the useful companion for all. All sizes\/formats are possible. The colors of the handles and side seams can be customized [&hellip;]<\/p>\n","protected":false},"featured_media":4563,"template":"","meta":{"_et_pb_use_builder":"","_et_pb_old_content":"","_et_gb_content_width":""},"product_brand":[],"product_cat":[857],"product_tag":[],"class_list":{"0":"post-3865","1":"product","2":"type-product","3":"status-publish","4":"has-post-thumbnail","6":"product_cat-world-of-advertising","8":"first","9":"instock","10":"shipping-taxable","11":"product-type-simple"},"_links":{"self":[{"href":"https:\/\/e-xact.de\/fr\/wp-json\/wp\/v2\/product\/3865","targetHints":{"allow":["GET"]}}],"collection":[{"href":"https:\/\/e-xact.de\/fr\/wp-json\/wp\/v2\/product"}],"about":[{"href":"https:\/\/e-xact.de\/fr\/wp-json\/wp\/v2\/types\/product"}],"wp:featuredmedia":[{"embeddable":true,"href":"https:\/\/e-xact.de\/fr\/wp-json\/wp\/v2\/media\/4563"}],"wp:attachment":[{"href":"https:\/\/e-xact.de\/fr\/wp-json\/wp\/v2\/media?parent=3865"}],"wp:term":[{"taxonomy":"product_brand","embeddable":true,"href":"https:\/\/e-xact.de\/fr\/wp-json\/wp\/v2\/product_brand?post=3865"},{"taxonomy":"product_cat","embeddable":true,"href":"https:\/\/e-xact.de\/fr\/wp-json\/wp\/v2\/product_cat?post=3865"},{"taxonomy":"product_tag","embeddable":true,"href":"https:\/\/e-xact.de\/fr\/wp-json\/wp\/v2\/product_tag?post=3865"}],"curies":[{"name":"wp","href":"https:\/\/api.w.org\/{rel}","templated":true}]}}