{"id":3862,"date":"2023-01-03T15:25:30","date_gmt":"2022-01-28T15:33:30","guid":{"rendered":"https:\/\/e-xact.de\/produkt\/exact-magic-cube-the-classic-3x3-57-mm\/"},"modified":"2023-02-28T09:07:15","modified_gmt":"2023-02-28T08:07:15","slug":"exact-magic-cube-the-classic-3x3-57-mm","status":"publish","type":"product","link":"https:\/\/e-xact.de\/fr\/produit\/exact-magic-cube-the-classic-3x3-57-mm\/","title":{"rendered":"e!xact Twisted Cube &#8211; the classic 3&#215;3 57 mm"},"content":{"rendered":"<p>Le puzzle le plus vendu au monde, faisant de ce chef-d'\u0153uvre une ic\u00f4ne. Il est unisexe et ne parle aucune langue. Il est connu depuis des g\u00e9n\u00e9rations et transmet votre message marketing d'une mani\u00e8re unique. Il n'y a presque aucune limite \u00e0 votre design. Nous sommes heureux de vous accompagner avec des \u00e9chantillons gratuits, une animation 3D gratuite et bien s\u00fbr les croquis de pr\u00e9sentation n\u00e9cessaires. Nos e!xact Twisted Cubes sont disponibles en ABS blanc et noir ainsi qu'en ABS recycl\u00e9 ou neuf. C'est vous qui d\u00e9cidez !<\/p>","protected":false},"excerpt":{"rendered":"<p>The best-selling puzzle in the world, makes this masterpiece an icon. It is unisex and speaks no language. It has been known for generations and conveys your marketing message in a unique way. There are almost no limits to your design. We are happy to support you with free samples, a free 3D animation and [&hellip;]<\/p>\n","protected":false},"featured_media":3686,"template":"","meta":{"_et_pb_use_builder":"","_et_pb_old_content":"","_et_gb_content_width":""},"product_brand":[],"product_cat":[871],"product_tag":[1202,1206,1038,1035,1036,1182,1199,1179,1043,1180,1042,1040,1039,1041,1201,1181,1177],"class_list":{"0":"post-3862","1":"product","2":"type-product","3":"status-publish","4":"has-post-thumbnail","6":"product_cat-world-of-cubes","7":"product_tag-complex-en","8":"product_tag-creativity-en","9":"product_tag-cube-en","10":"product_tag-exact-en-3","11":"product_tag-magic-cube-en","12":"product_tag-magic-cube-en-2","13":"product_tag-mathemetics","14":"product_tag-patience-en","15":"product_tag-puzzle-en","16":"product_tag-rotating-cube-en","17":"product_tag-rubick-en","18":"product_tag-rubik-en","19":"product_tag-rubiks-en","20":"product_tag-rubix-en","21":"product_tag-solution-en","22":"product_tag-toy-en","23":"product_tag-wuerfel-en","25":"first","26":"instock","27":"shipping-taxable","28":"product-type-simple"},"_links":{"self":[{"href":"https:\/\/e-xact.de\/fr\/wp-json\/wp\/v2\/product\/3862","targetHints":{"allow":["GET"]}}],"collection":[{"href":"https:\/\/e-xact.de\/fr\/wp-json\/wp\/v2\/product"}],"about":[{"href":"https:\/\/e-xact.de\/fr\/wp-json\/wp\/v2\/types\/product"}],"wp:featuredmedia":[{"embeddable":true,"href":"https:\/\/e-xact.de\/fr\/wp-json\/wp\/v2\/media\/3686"}],"wp:attachment":[{"href":"https:\/\/e-xact.de\/fr\/wp-json\/wp\/v2\/media?parent=3862"}],"wp:term":[{"taxonomy":"product_brand","embeddable":true,"href":"https:\/\/e-xact.de\/fr\/wp-json\/wp\/v2\/product_brand?post=3862"},{"taxonomy":"product_cat","embeddable":true,"href":"https:\/\/e-xact.de\/fr\/wp-json\/wp\/v2\/product_cat?post=3862"},{"taxonomy":"product_tag","embeddable":true,"href":"https:\/\/e-xact.de\/fr\/wp-json\/wp\/v2\/product_tag?post=3862"}],"curies":[{"name":"wp","href":"https:\/\/api.w.org\/{rel}","templated":true}]}}