{"id":3860,"date":"2023-01-03T15:20:34","date_gmt":"2022-01-28T15:33:34","guid":{"rendered":"https:\/\/e-xact.de\/produkt\/exact-magic-cube-the-classic-3x3-57-mm-in-digital-printing\/"},"modified":"2023-02-28T09:07:39","modified_gmt":"2023-02-28T08:07:39","slug":"exact-magic-cube-the-classic-3x3-57-mm-in-digital-printing","status":"publish","type":"product","link":"https:\/\/e-xact.de\/fr\/produit\/exact-magic-cube-the-classic-3x3-57-mm-in-digital-printing\/","title":{"rendered":"e!xact Twist Cube &#8211; the classic 3&#215;3 57 mm &#8211; refined in GERMANY"},"content":{"rendered":"<p>Le casse-t\u00eate le plus vendu au monde, faites de ce chef-d'\u0153uvre une ic\u00f4ne. Il est unisexe et ne parle aucune langue. Il est connu depuis des g\u00e9n\u00e9rations et v\u00e9hicule votre message marketing d'une mani\u00e8re unique. Il n'y a quasiment aucune limite \u00e0 votre design. Nous serons heureux de vous accompagner avec des \u00e9chantillons gratuits, une animation 3D gratuite et, bien s\u00fbr, les croquis de pr\u00e9sentoirs n\u00e9cessaires. Gr\u00e2ce \u00e0 une fabrication en Allemagne, les d\u00e9lais de livraison sont de 2 \u00e0 3 semaines maximum.<\/p>\n<p>&nbsp;<\/p>","protected":false},"excerpt":{"rendered":"<p>The best-selling puzzle in the world, make this masterpiece an icon. It is unisex and speaks no language. It is known for generations and conveys your marketing message in a unique way. There are almost no limits to your design. We will be happy to support you with free samples, a free 3D animation and, [&hellip;]<\/p>\n","protected":false},"featured_media":25095236,"template":"","meta":{"_et_pb_use_builder":"","_et_pb_old_content":"","_et_gb_content_width":""},"product_brand":[],"product_cat":[871],"product_tag":[1206,1038,1183,1182,1036,1199,1179,1043,1180,1042,1040,1039,1041,1201,1181,1177],"class_list":{"0":"post-3860","1":"product","2":"type-product","3":"status-publish","4":"has-post-thumbnail","6":"product_cat-world-of-cubes","7":"product_tag-creativity-en","8":"product_tag-cube-en","9":"product_tag-magic-en","10":"product_tag-magic-cube-en-2","11":"product_tag-magic-cube-en","12":"product_tag-mathemetics","13":"product_tag-patience-en","14":"product_tag-puzzle-en","15":"product_tag-rotating-cube-en","16":"product_tag-rubick-en","17":"product_tag-rubik-en","18":"product_tag-rubiks-en","19":"product_tag-rubix-en","20":"product_tag-solution-en","21":"product_tag-toy-en","22":"product_tag-wuerfel-en","24":"first","25":"instock","26":"shipping-taxable","27":"product-type-simple"},"_links":{"self":[{"href":"https:\/\/e-xact.de\/fr\/wp-json\/wp\/v2\/product\/3860","targetHints":{"allow":["GET"]}}],"collection":[{"href":"https:\/\/e-xact.de\/fr\/wp-json\/wp\/v2\/product"}],"about":[{"href":"https:\/\/e-xact.de\/fr\/wp-json\/wp\/v2\/types\/product"}],"wp:featuredmedia":[{"embeddable":true,"href":"https:\/\/e-xact.de\/fr\/wp-json\/wp\/v2\/media\/25095236"}],"wp:attachment":[{"href":"https:\/\/e-xact.de\/fr\/wp-json\/wp\/v2\/media?parent=3860"}],"wp:term":[{"taxonomy":"product_brand","embeddable":true,"href":"https:\/\/e-xact.de\/fr\/wp-json\/wp\/v2\/product_brand?post=3860"},{"taxonomy":"product_cat","embeddable":true,"href":"https:\/\/e-xact.de\/fr\/wp-json\/wp\/v2\/product_cat?post=3860"},{"taxonomy":"product_tag","embeddable":true,"href":"https:\/\/e-xact.de\/fr\/wp-json\/wp\/v2\/product_tag?post=3860"}],"curies":[{"name":"wp","href":"https:\/\/api.w.org\/{rel}","templated":true}]}}