{"id":3854,"date":"2023-01-03T16:15:18","date_gmt":"2022-01-28T15:33:18","guid":{"rendered":"https:\/\/e-xact.de\/produkt\/exact-magic-cube-the-classic-2x2-50-mm\/"},"modified":"2025-03-19T11:38:25","modified_gmt":"2025-03-19T10:38:25","slug":"exact-magic-cube-the-classic-2x2-50-mm","status":"publish","type":"product","link":"https:\/\/e-xact.de\/fr\/produit\/exact-magic-cube-the-classic-2x2-50-mm\/","title":{"rendered":"e!xact Twist Cube &#8211; the classic 2&#215;2 50 mm"},"content":{"rendered":"<p>Inhabituel et avec de nouveaux d\u00e9fis, m\u00eame s'il semble plus facile \u00e0 r\u00e9soudre. Les espaces publicitaires plus grands permettent une mise en \u0153uvre cr\u00e9ative plus flexible de vos id\u00e9es. Id\u00e9al pour les produits et services qui n\u00e9cessitent des explications et une proportion de texte \u00e9lev\u00e9e. Nous serions heureux de cr\u00e9er une animation 3D gratuite avec votre logo, slogan ou message publicitaire !<\/p>","protected":false},"excerpt":{"rendered":"<p>Inhabituel et avec de nouveaux d\u00e9fis, m\u00eame s'il semble plus facile \u00e0 r\u00e9soudre. Les espaces publicitaires plus grands permettent une mise en \u0153uvre cr\u00e9ative plus flexible de vos id\u00e9es. Id\u00e9al pour les produits et services qui n\u00e9cessitent des explications et une proportion de texte \u00e9lev\u00e9e. Nous serions heureux de cr\u00e9er une animation 3D gratuite avec votre logo, slogan ou message publicitaire !<\/p>","protected":false},"featured_media":4299,"template":"","meta":{"_et_pb_use_builder":"","_et_pb_old_content":"","_et_gb_content_width":""},"product_brand":[],"product_cat":[871],"product_tag":[1202,1206,1038,1205,1183,1182,1199,1179,1043,1180,1042,1040,1039,1041,1181,1204,1177],"class_list":{"0":"post-3854","1":"product","2":"type-product","3":"status-publish","4":"has-post-thumbnail","6":"product_cat-world-of-cubes","7":"product_tag-complex-en","8":"product_tag-creativity-en","9":"product_tag-cube-en","10":"product_tag-difficult-to-solve-en","11":"product_tag-magic-en","12":"product_tag-magic-cube-en-2","13":"product_tag-mathemetics","14":"product_tag-patience-en","15":"product_tag-puzzle-en","16":"product_tag-rotating-cube-en","17":"product_tag-rubick-en","18":"product_tag-rubik-en","19":"product_tag-rubiks-en","20":"product_tag-rubix-en","21":"product_tag-toy-en","22":"product_tag-unsolveable","23":"product_tag-wuerfel-en","25":"first","26":"instock","27":"shipping-taxable","28":"product-type-simple"},"_links":{"self":[{"href":"https:\/\/e-xact.de\/fr\/wp-json\/wp\/v2\/product\/3854","targetHints":{"allow":["GET"]}}],"collection":[{"href":"https:\/\/e-xact.de\/fr\/wp-json\/wp\/v2\/product"}],"about":[{"href":"https:\/\/e-xact.de\/fr\/wp-json\/wp\/v2\/types\/product"}],"wp:featuredmedia":[{"embeddable":true,"href":"https:\/\/e-xact.de\/fr\/wp-json\/wp\/v2\/media\/4299"}],"wp:attachment":[{"href":"https:\/\/e-xact.de\/fr\/wp-json\/wp\/v2\/media?parent=3854"}],"wp:term":[{"taxonomy":"product_brand","embeddable":true,"href":"https:\/\/e-xact.de\/fr\/wp-json\/wp\/v2\/product_brand?post=3854"},{"taxonomy":"product_cat","embeddable":true,"href":"https:\/\/e-xact.de\/fr\/wp-json\/wp\/v2\/product_cat?post=3854"},{"taxonomy":"product_tag","embeddable":true,"href":"https:\/\/e-xact.de\/fr\/wp-json\/wp\/v2\/product_tag?post=3854"}],"curies":[{"name":"wp","href":"https:\/\/api.w.org\/{rel}","templated":true}]}}