{"id":3842,"date":"2022-11-10T10:28:00","date_gmt":"2022-03-25T08:40:00","guid":{"rendered":"https:\/\/e-xact.de\/produkt\/exact-folding-cube-diamond-70x70x70-mm\/"},"modified":"2023-02-28T09:13:24","modified_gmt":"2023-02-28T08:13:24","slug":"exact-folding-cube-diamond-70x70x70-mm","status":"publish","type":"product","link":"https:\/\/e-xact.de\/fr\/produit\/exact-folding-cube-diamond-70x70x70-mm\/","title":{"rendered":"e!xact cube de pliage Diamant 70x70x70 mm"},"content":{"rendered":"<p>Notre nouveau cube diamant pliable a un design sophistiqu\u00e9 avec de nombreuses facettes. \u00c0 premi\u00e8re vue, il ressemble au cube pliable conventionnel, mais lorsque vous le touchez, il se transforme en un diamant brut pouvant comporter jusqu'\u00e0 20 facettes. En un seul geste de la main, il change de forme et se transforme en de nombreuses formes diff\u00e9rentes \u2013 essayez-le. L'impression est, comme toujours chez e!xact, en qualit\u00e9 photo.<\/p>","protected":false},"excerpt":{"rendered":"<p>Our new folding cube diamond has a high-profile design with many faces. At first glance it looks like the conventional folding cube, but when you touch it, it becomes a rough diamond with up to 20 facets. With one hand movement it changes its shape and transforms into many different forms- just try it. The [&hellip;]<\/p>\n","protected":false},"featured_media":25095284,"template":"","meta":{"_et_pb_use_builder":"","_et_pb_old_content":"","_et_gb_content_width":""},"product_brand":[],"product_cat":[871],"product_tag":[1206,1038,1036,1177],"class_list":{"0":"post-3842","1":"product","2":"type-product","3":"status-publish","4":"has-post-thumbnail","6":"product_cat-world-of-cubes","7":"product_tag-creativity-en","8":"product_tag-cube-en","9":"product_tag-magic-cube-en","10":"product_tag-wuerfel-en","12":"first","13":"instock","14":"shipping-taxable","15":"product-type-simple"},"_links":{"self":[{"href":"https:\/\/e-xact.de\/fr\/wp-json\/wp\/v2\/product\/3842","targetHints":{"allow":["GET"]}}],"collection":[{"href":"https:\/\/e-xact.de\/fr\/wp-json\/wp\/v2\/product"}],"about":[{"href":"https:\/\/e-xact.de\/fr\/wp-json\/wp\/v2\/types\/product"}],"wp:featuredmedia":[{"embeddable":true,"href":"https:\/\/e-xact.de\/fr\/wp-json\/wp\/v2\/media\/25095284"}],"wp:attachment":[{"href":"https:\/\/e-xact.de\/fr\/wp-json\/wp\/v2\/media?parent=3842"}],"wp:term":[{"taxonomy":"product_brand","embeddable":true,"href":"https:\/\/e-xact.de\/fr\/wp-json\/wp\/v2\/product_brand?post=3842"},{"taxonomy":"product_cat","embeddable":true,"href":"https:\/\/e-xact.de\/fr\/wp-json\/wp\/v2\/product_cat?post=3842"},{"taxonomy":"product_tag","embeddable":true,"href":"https:\/\/e-xact.de\/fr\/wp-json\/wp\/v2\/product_tag?post=3842"}],"curies":[{"name":"wp","href":"https:\/\/api.w.org\/{rel}","templated":true}]}}