{"id":3838,"date":"2024-09-30T13:50:32","date_gmt":"2022-01-28T15:34:32","guid":{"rendered":"https:\/\/e-xact.de\/produkt\/exact-wooden-cube-small-34x34x34-mm\/"},"modified":"2023-03-03T14:18:33","modified_gmt":"2023-03-03T13:18:33","slug":"exact-wooden-cube-small-34x34x34-mm","status":"publish","type":"product","link":"https:\/\/e-xact.de\/fr\/produit\/exact-wooden-cube-small-34x34x34-mm\/","title":{"rendered":"Exactement bois toutes tailles"},"content":{"rendered":"<p>Nos d\u00e9s en bois sont fabriqu\u00e9s \u00e0 partir de bois de h\u00eatre s\u00e9lectionn\u00e9 et pr\u00e9sentent les coins arrondis typiques des d\u00e9s de jeu. Les d\u00e9s peuvent \u00eatre finis par tampographie ou impression num\u00e9rique.<\/p>","protected":false},"excerpt":{"rendered":"<p>Nos d\u00e9s en bois sont fabriqu\u00e9s \u00e0 partir de bois de h\u00eatre s\u00e9lectionn\u00e9 et pr\u00e9sentent les coins arrondis typiques des d\u00e9s de jeu. Les d\u00e9s peuvent \u00eatre finis par tampographie ou impression num\u00e9rique.<\/p>","protected":false},"featured_media":4305,"template":"","meta":{"_et_pb_use_builder":"","_et_pb_old_content":"","_et_gb_content_width":""},"product_brand":[],"product_cat":[871],"product_tag":[],"class_list":{"0":"post-3838","1":"product","2":"type-product","3":"status-publish","4":"has-post-thumbnail","6":"product_cat-world-of-cubes","8":"first","9":"instock","10":"shipping-taxable","11":"product-type-simple"},"_links":{"self":[{"href":"https:\/\/e-xact.de\/fr\/wp-json\/wp\/v2\/product\/3838","targetHints":{"allow":["GET"]}}],"collection":[{"href":"https:\/\/e-xact.de\/fr\/wp-json\/wp\/v2\/product"}],"about":[{"href":"https:\/\/e-xact.de\/fr\/wp-json\/wp\/v2\/types\/product"}],"wp:featuredmedia":[{"embeddable":true,"href":"https:\/\/e-xact.de\/fr\/wp-json\/wp\/v2\/media\/4305"}],"wp:attachment":[{"href":"https:\/\/e-xact.de\/fr\/wp-json\/wp\/v2\/media?parent=3838"}],"wp:term":[{"taxonomy":"product_brand","embeddable":true,"href":"https:\/\/e-xact.de\/fr\/wp-json\/wp\/v2\/product_brand?post=3838"},{"taxonomy":"product_cat","embeddable":true,"href":"https:\/\/e-xact.de\/fr\/wp-json\/wp\/v2\/product_cat?post=3838"},{"taxonomy":"product_tag","embeddable":true,"href":"https:\/\/e-xact.de\/fr\/wp-json\/wp\/v2\/product_tag?post=3838"}],"curies":[{"name":"wp","href":"https:\/\/api.w.org\/{rel}","templated":true}]}}