{"id":3832,"date":"2022-11-10T10:17:46","date_gmt":"2022-01-28T15:34:46","guid":{"rendered":"https:\/\/e-xact.de\/produkt\/exact-elastic-cube-75x75x75-mm\/"},"modified":"2023-02-28T09:15:54","modified_gmt":"2023-02-28T08:15:54","slug":"exact-elastic-cube-75x75x75-mm","status":"publish","type":"product","link":"https:\/\/e-xact.de\/fr\/produit\/exact-elastic-cube-75x75x75-mm\/","title":{"rendered":"e!xact Cube \u00c9lastique 75x75x75 mm"},"content":{"rendered":"<p>Notre Cube \u00c9lastique ressemble au Cube Twist une fois assembl\u00e9. Cependant, vous pouvez le d\u00e9monter. Une fois compl\u00e8tement \u00e9tendu, il ressemble \u00e0 un serpent et est maintenu ensemble \u00e0 l'aide d'un \u00e9lastique. L'impression est bien s\u00fbr, comme d'habitude chez e!xact, en qualit\u00e9 photo.<\/p>","protected":false},"excerpt":{"rendered":"<p>Notre Cube \u00c9lastique ressemble au Cube Twist une fois assembl\u00e9. Cependant, vous pouvez le d\u00e9monter. Une fois compl\u00e8tement \u00e9tendu, il ressemble \u00e0 un serpent et est maintenu ensemble \u00e0 l'aide d'un \u00e9lastique. L'impression est bien s\u00fbr, comme d'habitude chez e!xact, en qualit\u00e9 photo.<\/p>","protected":false},"featured_media":4943,"template":"","meta":{"_et_pb_use_builder":"","_et_pb_old_content":"","_et_gb_content_width":""},"product_brand":[],"product_cat":[871,1309],"product_tag":[1206,1038,1078,1183,1182,1179,1039,1041,1181],"class_list":{"0":"post-3832","1":"product","2":"type-product","3":"status-publish","4":"has-post-thumbnail","6":"product_cat-world-of-cubes","7":"product_cat-world-of-puzzles","8":"product_tag-creativity-en","9":"product_tag-cube-en","10":"product_tag-elastic-cube-en","11":"product_tag-magic-en","12":"product_tag-magic-cube-en-2","13":"product_tag-patience-en","14":"product_tag-rubiks-en","15":"product_tag-rubix-en","16":"product_tag-toy-en","18":"first","19":"instock","20":"shipping-taxable","21":"product-type-simple"},"_links":{"self":[{"href":"https:\/\/e-xact.de\/fr\/wp-json\/wp\/v2\/product\/3832","targetHints":{"allow":["GET"]}}],"collection":[{"href":"https:\/\/e-xact.de\/fr\/wp-json\/wp\/v2\/product"}],"about":[{"href":"https:\/\/e-xact.de\/fr\/wp-json\/wp\/v2\/types\/product"}],"wp:featuredmedia":[{"embeddable":true,"href":"https:\/\/e-xact.de\/fr\/wp-json\/wp\/v2\/media\/4943"}],"wp:attachment":[{"href":"https:\/\/e-xact.de\/fr\/wp-json\/wp\/v2\/media?parent=3832"}],"wp:term":[{"taxonomy":"product_brand","embeddable":true,"href":"https:\/\/e-xact.de\/fr\/wp-json\/wp\/v2\/product_brand?post=3832"},{"taxonomy":"product_cat","embeddable":true,"href":"https:\/\/e-xact.de\/fr\/wp-json\/wp\/v2\/product_cat?post=3832"},{"taxonomy":"product_tag","embeddable":true,"href":"https:\/\/e-xact.de\/fr\/wp-json\/wp\/v2\/product_tag?post=3832"}],"curies":[{"name":"wp","href":"https:\/\/api.w.org\/{rel}","templated":true}]}}